

{"id":2176,"date":"2025-04-03T15:53:27","date_gmt":"2025-04-03T15:53:27","guid":{"rendered":"https:\/\/www.screeno.cz\/?page_id=2176"},"modified":"2026-03-09T17:03:10","modified_gmt":"2026-03-09T17:03:10","slug":"workshops","status":"publish","type":"page","link":"https:\/\/www.screeno.cz\/en\/nabizime\/workshopy\/","title":{"rendered":"Workshops"},"content":{"rendered":"<div data-elementor-type=\"wp-page\" data-elementor-id=\"2176\" class=\"elementor elementor-2176\" data-elementor-post-type=\"page\">\n\t\t\t\t<div class=\"elementor-element elementor-element-23e396e e-flex e-con-boxed e-con e-parent\" data-id=\"23e396e\" data-element_type=\"container\" data-e-type=\"container\">\n\t\t\t\t\t<div class=\"e-con-inner\">\n\t\t<div class=\"elementor-element elementor-element-c122684 e-con-full e-flex e-con e-child\" data-id=\"c122684\" data-element_type=\"container\" data-e-type=\"container\">\n\t\t<div class=\"elementor-element elementor-element-fdbbc7a e-con-full e-flex e-con e-child\" data-id=\"fdbbc7a\" data-element_type=\"container\" data-e-type=\"container\">\n\t\t\t\t<div class=\"elementor-element elementor-element-1dde89f elementor-widget__width-inherit elementor-widget elementor-widget-heading\" data-id=\"1dde89f\" data-element_type=\"widget\" data-e-type=\"widget\" data-widget_type=\"heading.default\">\n\t\t\t\t\t<h1 class=\"elementor-heading-title elementor-size-default\">Workshop<\/h1>\t\t\t\t<\/div>\n\t\t\t\t<div class=\"elementor-element elementor-element-997cd54 elementor-widget elementor-widget-button\" data-id=\"997cd54\" data-element_type=\"widget\" data-e-type=\"widget\" data-widget_type=\"button.default\">\n\t\t\t\t\t\t\t\t\t\t<a class=\"elementor-button elementor-button-link elementor-size-sm\" href=\"#rezervace-now\">\n\t\t\t\t\t\t<span class=\"elementor-button-content-wrapper\">\n\t\t\t\t\t\t\t\t\t<span class=\"elementor-button-text\">reservations<\/span>\n\t\t\t\t\t<\/span>\n\t\t\t\t\t<\/a>\n\t\t\t\t\t\t\t\t<\/div>\n\t\t\t\t<\/div>\n\t\t<div class=\"elementor-element elementor-element-5a20890 e-con-full e-flex e-con e-child\" data-id=\"5a20890\" data-element_type=\"container\" data-e-type=\"container\">\n\t\t\t\t<div class=\"elementor-element elementor-element-796bf47 elementor-widget__width-inherit elementor-widget elementor-widget-text-editor\" data-id=\"796bf47\" data-element_type=\"widget\" data-e-type=\"widget\" data-widget_type=\"text-editor.default\">\n\t\t\t\t\t\t\t\t\t<p data-start=\"117\" data-end=\"285\"><span style=\"font-weight: 400;\">First time printing? Or do you want to take your merch to the next level?<\/span><\/p>\t\t\t\t\t\t\t\t<\/div>\n\t\t\t\t<\/div>\n\t\t\t\t<\/div>\n\t\t\t\t\t<\/div>\n\t\t\t\t<\/div>\n\t\t<div class=\"elementor-element elementor-element-a1c26bc e-flex e-con-boxed e-con e-child\" data-id=\"a1c26bc\" data-element_type=\"container\" data-e-type=\"container\">\n\t\t\t\t\t<div class=\"e-con-inner\">\n\t\t<div class=\"elementor-element elementor-element-8bd78cc e-con-full e-flex e-con e-child\" data-id=\"8bd78cc\" data-element_type=\"container\" data-e-type=\"container\">\n\t\t<div class=\"elementor-element elementor-element-7f1b60a e-con-full e-flex e-con e-child\" data-id=\"7f1b60a\" data-element_type=\"container\" data-e-type=\"container\">\n\t\t\t\t<div class=\"elementor-element elementor-element-61733e6 elementor-widget__width-initial elementor-widget-tablet__width-inherit elementor-widget elementor-widget-text-editor\" data-id=\"61733e6\" data-element_type=\"widget\" data-e-type=\"widget\" data-widget_type=\"text-editor.default\">\n\t\t\t\t\t\t\t\t\t<p style=\"text-align: left;\"><span style=\"font-weight: 400;\">In 3.5 hours you will go through the entire screen printing process! You will take away your own printed pieces, skills and know how. And a drink to taste.<\/span><\/p><p><span style=\"font-weight: 400;\">Think about the motif you want to print before the workshop.<\/span><\/p><p><span style=\"font-weight: 400;\"> Our guide will help you: <span style=\"color: #ff3200;\"><a style=\"color: #ff3200;\" href=\"https:\/\/www.screeno.cz\/en\/how-to-prepare-a-design-for-screen-printing\/\"><strong data-start=\"591\" data-end=\"632\">How to prepare a design for screen printing<\/strong><\/a><\/span><\/span><\/p><p><span style=\"font-weight: 400;\">\u00a0<\/span><\/p><ul><li><span style=\"font-weight: 400;\">On request, we will issue you a gift voucher (unique code), valid for the whole year<\/span><span style=\"font-weight: 400;\">.<\/span><\/li><li>After completing the workshop, you can visit our studio every Thursday during open hours for the public and print independently<\/li><\/ul>\t\t\t\t\t\t\t\t<\/div>\n\t\t\t\t<div class=\"elementor-element elementor-element-356dfb4 elementor-widget elementor-widget-button\" data-id=\"356dfb4\" data-element_type=\"widget\" data-e-type=\"widget\" data-widget_type=\"button.default\">\n\t\t\t\t\t\t\t\t\t\t<a class=\"elementor-button elementor-button-link elementor-size-sm\" href=\"#rezervace-now\">\n\t\t\t\t\t\t<span class=\"elementor-button-content-wrapper\">\n\t\t\t\t\t\t\t\t\t<span class=\"elementor-button-text\">reserve your place<\/span>\n\t\t\t\t\t<\/span>\n\t\t\t\t\t<\/a>\n\t\t\t\t\t\t\t\t<\/div>\n\t\t\t\t<\/div>\n\t\t\t\t<\/div>\n\t\t\t\t<div class=\"elementor-element elementor-element-03dc6e7 elementor-widget__width-inherit elementor-widget elementor-widget-image\" data-id=\"03dc6e7\" data-element_type=\"widget\" data-e-type=\"widget\" data-widget_type=\"image.default\">\n\t\t\t\t\t\t\t\t\t\t\t\t\t\t\t<img fetchpriority=\"high\" decoding=\"async\" width=\"1080\" height=\"1350\" src=\"https:\/\/www.screeno.cz\/wp-content\/uploads\/2025\/04\/1080x1350-kopie.webp\" class=\"attachment-full size-full wp-image-2503\" alt=\"sitosisk\" srcset=\"https:\/\/www.screeno.cz\/wp-content\/uploads\/2025\/04\/1080x1350-kopie.webp 1080w, https:\/\/www.screeno.cz\/wp-content\/uploads\/2025\/04\/1080x1350-kopie-600x750.webp 600w, https:\/\/www.screeno.cz\/wp-content\/uploads\/2025\/04\/1080x1350-kopie-240x300.webp 240w, https:\/\/www.screeno.cz\/wp-content\/uploads\/2025\/04\/1080x1350-kopie-819x1024.webp 819w, https:\/\/www.screeno.cz\/wp-content\/uploads\/2025\/04\/1080x1350-kopie-768x960.webp 768w\" sizes=\"(max-width: 1080px) 100vw, 1080px\" \/>\t\t\t\t\t\t\t\t\t\t\t\t\t\t\t<\/div>\n\t\t\t\t\t<\/div>\n\t\t\t\t<\/div>\n\t\t<div class=\"elementor-element elementor-element-1986b47 e-flex e-con-boxed e-con e-child\" data-id=\"1986b47\" data-element_type=\"container\" data-e-type=\"container\">\n\t\t\t\t\t<div class=\"e-con-inner\">\n\t\t<div class=\"elementor-element elementor-element-2316f14 e-con-full e-flex e-con e-child\" data-id=\"2316f14\" data-element_type=\"container\" data-e-type=\"container\">\n\t\t<div class=\"elementor-element elementor-element-15dc0c5 e-con-full e-flex e-con e-child\" data-id=\"15dc0c5\" data-element_type=\"container\" data-e-type=\"container\">\n\t\t\t\t<div class=\"elementor-element elementor-element-9450734 elementor-widget__width-initial elementor-widget-tablet__width-inherit elementor-widget elementor-widget-text-editor\" data-id=\"9450734\" data-element_type=\"widget\" data-e-type=\"widget\" data-widget_type=\"text-editor.default\">\n\t\t\t\t\t\t\t\t\t<p><b>What are you gonna print?<\/b><\/p><p><b><br \/><\/b><span style=\"font-weight: 400;\">\ud83d\udd36 5 graphic papers (from us - you choose the colours)<\/span><span style=\"font-weight: 400;\"><br \/><\/span><span style=\"font-weight: 400;\">\ud83d\udd36 1 T-shirt (you will get from us - make it match your theme)<\/span><span style=\"font-weight: 400;\"><br \/><\/span><span style=\"font-weight: 400;\">\ud83d\udd36 Up to 3 custom fabric pieces (more t-shirts? - bring your own)\u00a0<\/span><\/p><p><span style=\"font-weight: 400;\">You choose the colour on the spot according to your mood.<\/span><\/p><p><b>Price:<\/b><span style=\"font-weight: 400;\"> 2000 CZK<br \/><\/span><b>Max. capacity:<\/b><span style=\"font-weight: 400;\"> 6 people<\/span><span style=\"font-weight: 400;\"><br \/><\/span><b>Length:<\/b><span style=\"font-weight: 400;\"> 3.5 hours, you're home in the evening, or you're out for a drink in a new T-shirt.<\/span><span style=\"font-weight: 400;\"><br \/><\/span><b>Includes a drink of your choice<\/b><span style=\"font-weight: 400;\">: to relax, inspire or celebrate.<\/span><\/p><div class=\"elementor-element elementor-element-8b717df elementor-widget elementor-widget-heading\" data-id=\"8b717df\" data-element_type=\"widget\" data-widget_type=\"heading.default\"><p class=\"elementor-heading-title elementor-size-default\">\u00a0<\/p><\/div>\t\t\t\t\t\t\t\t<\/div>\n\t\t\t\t<div class=\"elementor-element elementor-element-316fb3f elementor-widget elementor-widget-button\" data-id=\"316fb3f\" data-element_type=\"widget\" data-e-type=\"widget\" data-widget_type=\"button.default\">\n\t\t\t\t\t\t\t\t\t\t<a class=\"elementor-button elementor-button-link elementor-size-sm\" href=\"#rezervace-now\">\n\t\t\t\t\t\t<span class=\"elementor-button-content-wrapper\">\n\t\t\t\t\t\t\t\t\t<span class=\"elementor-button-text\">reserve your place<\/span>\n\t\t\t\t\t<\/span>\n\t\t\t\t\t<\/a>\n\t\t\t\t\t\t\t\t<\/div>\n\t\t\t\t<\/div>\n\t\t\t\t<\/div>\n\t\t\t\t<div class=\"elementor-element elementor-element-bd32202 elementor-widget__width-inherit elementor-widget elementor-widget-image\" data-id=\"bd32202\" data-element_type=\"widget\" data-e-type=\"widget\" data-widget_type=\"image.default\">\n\t\t\t\t\t\t\t\t\t\t\t\t\t\t\t<img decoding=\"async\" width=\"1280\" height=\"1920\" src=\"https:\/\/www.screeno.cz\/wp-content\/uploads\/2025\/08\/DSF7814.webp\" class=\"attachment-full size-full wp-image-3288\" alt=\"\" srcset=\"https:\/\/www.screeno.cz\/wp-content\/uploads\/2025\/08\/DSF7814.webp 1280w, https:\/\/www.screeno.cz\/wp-content\/uploads\/2025\/08\/DSF7814-600x900.webp 600w, https:\/\/www.screeno.cz\/wp-content\/uploads\/2025\/08\/DSF7814-200x300.webp 200w, https:\/\/www.screeno.cz\/wp-content\/uploads\/2025\/08\/DSF7814-683x1024.webp 683w, https:\/\/www.screeno.cz\/wp-content\/uploads\/2025\/08\/DSF7814-768x1152.webp 768w, https:\/\/www.screeno.cz\/wp-content\/uploads\/2025\/08\/DSF7814-1024x1536.webp 1024w\" sizes=\"(max-width: 1280px) 100vw, 1280px\" \/>\t\t\t\t\t\t\t\t\t\t\t\t\t\t\t<\/div>\n\t\t\t\t\t<\/div>\n\t\t\t\t<\/div>\n\t\t<div class=\"elementor-element elementor-element-4bc4dfd e-flex e-con-boxed e-con e-parent\" data-id=\"4bc4dfd\" data-element_type=\"container\" data-e-type=\"container\">\n\t\t\t\t\t<div class=\"e-con-inner\">\n\t\t\t\t<div class=\"elementor-element elementor-element-73c2d58 elementor-widget elementor-widget-text-editor\" data-id=\"73c2d58\" data-element_type=\"widget\" data-e-type=\"widget\" data-widget_type=\"text-editor.default\">\n\t\t\t\t\t\t\t\t\t<div style=\"caret-color: #333333; color: #333333; font-family: Georgia, 'Times New Roman', 'Bitstream Charter', Times, serif;\">\n<div>\n<p style=\"text-align: center;\">\n<\/p><\/div>\n<p style=\"text-align: center;\"><strong>MARCH:<\/strong><\/p>\n<div>\n<p style=\"text-align: center;\"><strong>Saturday, 7 March, 10:00 a.m. \u2013 1:30 p.m.<\/strong><\/p>\n<p style=\"text-align: center;\"><strong>Wednesday, 11 March, 5:00 p.m. \u2013 8:30 p.m.<br><\/strong><strong>Wednesday, 25 March, 5:00 p.m. \u2013 8:30 p.m.<\/strong><\/p>\n<p style=\"text-align: center;\"><strong>Sunday 29.3. 10.00 - 13.30<\/strong><\/p>\n<p style=\"text-align: center;\"><strong style=\"font-size: 1rem;\">APRIL:<\/strong><\/p>\n<div>\n<p style=\"text-align: center;\"><strong>Saturday 11.4. 10.00 - 13.30<\/strong><\/p>\n<p style=\"text-align: center;\"><strong>Saturday 18.4. 10.00 - 13.30<\/strong><\/p>\n<p style=\"text-align: center;\"><span style=\"font-weight: bolder;\">Saturday 25.4. 10.00 - 13.30<\/span><\/p>\n<p style=\"text-align: center;\"><span style=\"font-weight: bolder;\">&nbsp;<\/span><strong style=\"font-size: 1rem;\">Wednesday 8.4. 17.00 - 20.30<\/strong><\/p>\n<p style=\"text-align: center;\"><strong>Wednesday 22.4. 17.00 - 20.30<\/strong><\/p>\n<p style=\"text-align: center;\">\n<\/p><\/div>\n<p style=\"text-align: center;\"><strong>MAY:<\/strong><\/p>\n<div>\n<p style=\"text-align: center;\"><strong>Saturday 23.5. 10.00 - 13.30<\/strong><\/p>\n<p style=\"text-align: center;\"><strong>Wednesday 13.5. 17.00 - 20.30<br><\/strong><strong>Wednesday 27.5. 17.00 - 20.30<\/strong><\/p>\n<\/div>\n<p style=\"text-align: center;\"><strong>JUNE:<\/strong><\/p>\n<div>\n<p style=\"text-align: center;\"><strong>Saturday 6.6. 10.00 - 13.30<\/strong><\/p>\n<p style=\"text-align: center;\"><strong>Saturday 20.6. 10.00 - 13.30<\/strong><\/p>\n<p style=\"text-align: center;\"><strong>Wednesday 10.6. 17.00 - 20.30<br><\/strong><\/p>\n<\/div>\n<div>\n<p style=\"text-align: center;\">\n<\/p><\/div>\n<\/div>\n<\/div>\t\t\t\t\t\t\t\t<\/div>\n\t\t\t\t\t<\/div>\n\t\t\t\t<\/div>\n\t\t<div class=\"elementor-element elementor-element-2a51306 e-flex e-con-boxed e-con e-parent\" data-id=\"2a51306\" data-element_type=\"container\" data-e-type=\"container\" id=\"rezervace-now\">\n\t\t\t\t\t<div class=\"e-con-inner\">\n\t\t<div class=\"elementor-element elementor-element-dfedd9c e-con-full e-flex e-con e-child\" data-id=\"dfedd9c\" data-element_type=\"container\" data-e-type=\"container\">\n\t\t\t\t<div class=\"elementor-element elementor-element-0d9819f elementor-widget elementor-widget-html\" data-id=\"0d9819f\" data-element_type=\"widget\" data-e-type=\"widget\" data-widget_type=\"html.default\">\n\t\t\t\t\t<div id=\"sbw_5ss38w\">\u00a0<\/div><p><script type=\"text\/javascript\">\n    (function(w, d, s, i) {\n        var script = d.createElement(s);\n        script.async = true;\n        script.src = \"\/\/widget.simplybook.it\/v2\/widget\/widget.js\";\n        script.onload = function() {\n            new SimplybookWidget({\"widget_type\":\"iframe\",\"url\":\"https:\\\/\\\/screenocz.simplybook.it\",\"theme\":\"default\",\"theme_settings\":{\"timeline_hide_unavailable\":\"1\",\"hide_past_days\":\"0\",\"timeline_show_end_time\":\"0\",\"timeline_modern_display\":\"as_table\",\"sb_base_color\":\"#ff3200\",\"display_item_mode\":\"list\",\"booking_nav_bg_color\":\"#000000\",\"body_bg_color\":\"#fafafa\",\"sb_review_image\":\"\",\"dark_font_color\":\"#000000\",\"light_font_color\":\"#ffffff\",\"btn_color_1\":\"#ff3200\",\"sb_company_label_color\":\"#ffffff\",\"hide_img_mode\":\"1\",\"show_sidebar\":\"1\",\"sb_busy\":\"#fafafa\",\"sb_available\":\"#ddf66a\"},\"timeline\":\"flexible_week\",\"datepicker\":\"top_calendar\",\"is_rtl\":false,\"app_config\":{\"clear_session\":0,\"allow_switch_to_ada\":0,\"predefined\":{\"provider\":\"3\",\"service\":\"2\"}},\"container_id\":\"sbw_5ss38w\"});\n        };\n        d.head.appendChild(script);\n    })(window, document, 'script', 'sbw_5ss38w');\n<\/script><\/p>\t\t\t\t<\/div>\n\t\t\t\t<\/div>\n\t\t\t\t\t<\/div>\n\t\t\t\t<\/div>\n\t\t\t\t<\/div>","protected":false},"excerpt":{"rendered":"<p>Workshop rezervace Tiskne\u0161 poprv\u00e9? Nebo chce\u0161 posunout sv\u016fj merch na dal\u0161\u00ed level? Za 3,5 h projde\u0161 cel\u00fdm procesem s\u00edtotisku! Odnese\u0161 si vlastn\u00ed poti\u0161t\u011bn\u00e9 kousky, skil a know how. K tomu drink podle chuti. P\u0159ed workshopem si promysli motiv, kter\u00fd chce\u0161 tisknout. Pom\u016f\u017ee ti n\u00e1\u0161 n\u00e1vod: Jak p\u0159ipravit design k s\u00edtotisku \u00a0 Na p\u0159\u00e1n\u00ed v\u00e1m vystav\u00edme [&hellip;]<\/p>\n","protected":false},"author":2,"featured_media":0,"parent":1182,"menu_order":0,"comment_status":"closed","ping_status":"closed","template":"","meta":{"iawp_total_views":8225,"footnotes":""},"class_list":["post-2176","page","type-page","status-publish","hentry"],"_links":{"self":[{"href":"https:\/\/www.screeno.cz\/en\/wp-json\/wp\/v2\/pages\/2176","targetHints":{"allow":["GET"]}}],"collection":[{"href":"https:\/\/www.screeno.cz\/en\/wp-json\/wp\/v2\/pages"}],"about":[{"href":"https:\/\/www.screeno.cz\/en\/wp-json\/wp\/v2\/types\/page"}],"author":[{"embeddable":true,"href":"https:\/\/www.screeno.cz\/en\/wp-json\/wp\/v2\/users\/2"}],"replies":[{"embeddable":true,"href":"https:\/\/www.screeno.cz\/en\/wp-json\/wp\/v2\/comments?post=2176"}],"version-history":[{"count":0,"href":"https:\/\/www.screeno.cz\/en\/wp-json\/wp\/v2\/pages\/2176\/revisions"}],"up":[{"embeddable":true,"href":"https:\/\/www.screeno.cz\/en\/wp-json\/wp\/v2\/pages\/1182"}],"wp:attachment":[{"href":"https:\/\/www.screeno.cz\/en\/wp-json\/wp\/v2\/media?parent=2176"}],"curies":[{"name":"wp","href":"https:\/\/api.w.org\/{rel}","templated":true}]}}