

{"id":3048,"date":"2025-05-05T09:32:57","date_gmt":"2025-05-05T09:32:57","guid":{"rendered":"https:\/\/www.screeno.cz\/?page_id=3048"},"modified":"2026-02-27T11:11:02","modified_gmt":"2026-02-27T11:11:02","slug":"terms-of-trade","status":"publish","type":"page","link":"https:\/\/www.screeno.cz\/en\/obchodni-podminky\/","title":{"rendered":"Terms and Conditions"},"content":{"rendered":"<div data-elementor-type=\"wp-page\" data-elementor-id=\"3048\" class=\"elementor elementor-3048\" data-elementor-post-type=\"page\">\n\t\t\t\t<div class=\"elementor-element elementor-element-5bbecea e-flex e-con-boxed e-con e-parent\" data-id=\"5bbecea\" data-element_type=\"container\" data-e-type=\"container\">\n\t\t\t\t\t<div class=\"e-con-inner\">\n\t\t<div class=\"elementor-element elementor-element-3c561f4 e-con-full e-flex e-con e-child\" data-id=\"3c561f4\" data-element_type=\"container\" data-e-type=\"container\">\n\t\t\t\t<div class=\"elementor-element elementor-element-5142b46 elementor-widget__width-inherit elementor-widget elementor-widget-heading\" data-id=\"5142b46\" data-element_type=\"widget\" data-e-type=\"widget\" data-widget_type=\"heading.default\">\n\t\t\t\t\t<h1 class=\"elementor-heading-title elementor-size-default\">Terms and Conditions<\/h1>\t\t\t\t<\/div>\n\t\t\t\t<\/div>\n\t\t\t\t\t<\/div>\n\t\t\t\t<\/div>\n\t\t<div class=\"elementor-element elementor-element-04fdf66 e-flex e-con-boxed e-con e-child\" data-id=\"04fdf66\" data-element_type=\"container\" data-e-type=\"container\">\n\t\t\t\t\t<div class=\"e-con-inner\">\n\t\t<div class=\"elementor-element elementor-element-52f4a1d e-con-full e-flex e-con e-child\" data-id=\"52f4a1d\" data-element_type=\"container\" data-e-type=\"container\">\n\t\t\t\t<div class=\"elementor-element elementor-element-ed1e05e elementor-widget-tablet__width-inherit elementor-widget elementor-widget-text-editor\" data-id=\"ed1e05e\" data-element_type=\"widget\" data-e-type=\"widget\" data-widget_type=\"text-editor.default\">\n\t\t\t\t\t\t\t\t\t<p><span style=\"font-weight: 400;\">Operator:<\/span><span style=\"font-weight: 400;\"><br \/><\/span><span style=\"font-weight: 400;\">Screeno community s.r.o.<br \/><!-- notionvc: 44ba9c87-4f11-4db2-aac1-aa359b7ed150 --><\/span><span style=\"font-weight: 400;\">with registered office at Pek\u00e1rsk\u00e1 436\/78, Old Brno, 602 00 Brno<\/span><span style=\"font-weight: 400;\"><br \/><\/span><span style=\"font-weight: 400;\"> ID: 24 48 04 95 <\/span><span style=\"font-weight: 400;\">registered at the Regional Court in Brno, section C, insert 143357<\/span><span style=\"font-weight: 400;\"><br \/><\/span><span style=\"font-weight: 400;\">date of formation and registration: 31 January 2025<\/span><span style=\"font-weight: 400;\"><br \/><\/span><span style=\"font-weight: 400;\">contact email: <\/span><span style=\"font-weight: 400;\">tiskneme@screeno.cz<\/span><span style=\"font-weight: 400;\"><br \/><\/span><span style=\"font-weight: 400;\">web: <\/span><a href=\"http:\/\/www.screeno.cz\/en\/\"><span style=\"font-weight: 400;\">www.screeno.cz<\/span><span style=\"font-weight: 400;\"><br \/><\/span><\/a><span style=\"font-weight: 400;\">(hereinafter referred to as \"Operator\")<\/span><\/p><p><span style=\"font-weight: 400;\">Customer:<\/span><span style=\"font-weight: 400;\"><br \/><\/span><span style=\"font-weight: 400;\">a natural or legal person who orders a service via a web interface<\/span><span style=\"font-weight: 400;\"><br \/><\/span><span style=\"font-weight: 400;\">Operators on <\/span><a href=\"http:\/\/www.screeno.cz\/en\/\"><span style=\"font-weight: 400;\">www.screeno.cz<\/span><span style=\"font-weight: 400;\"><br \/><\/span><\/a><span style=\"font-weight: 400;\">(hereinafter referred to as \"Customer\")<\/span><\/p><p><span style=\"font-weight: 400;\">II. Subject matter of the contract<\/span><span style=\"font-weight: 400;\"><br \/><\/span><span style=\"font-weight: 400;\">The Customer agrees to pay the Operator the price for participation in the workshop (hereinafter referred to as the \"course fee\")<\/span><span style=\"font-weight: 400;\"><br \/><\/span><span style=\"font-weight: 400;\">according to the current offer on the website <\/span><a href=\"http:\/\/www.screeno.cz\/en\/\"><span style=\"font-weight: 400;\">www.screeno.cz<\/span><\/a><span style=\"font-weight: 400;\">. The operator undertakes to workshop<\/span><span style=\"font-weight: 400;\"><br \/><\/span><span style=\"font-weight: 400;\">to organize the event on the given date, or to arrange an alternative date in the event that the capacity is not met<\/span><span style=\"font-weight: 400;\"><br \/><\/span><span style=\"font-weight: 400;\">or other obstacles.<\/span><span style=\"font-weight: 400;\"><br \/><\/span><span style=\"font-weight: 400;\">Workshops are held at the address listed for the specific offer, or at another location in advance<\/span><span style=\"font-weight: 400;\"><br \/><\/span><span style=\"font-weight: 400;\">at the announced location. The number of participants is limited according to the stated capacity. The customer will be informed of all<\/span><span style=\"font-weight: 400;\"><br \/><\/span><span style=\"font-weight: 400;\">organizational changes will be informed by e-mail.<\/span><span style=\"font-weight: 400;\"><br \/><\/span><span style=\"font-weight: 400;\"><br \/><\/span><span style=\"font-weight: 400;\">III. Origin of the contract<\/span><\/p><p><span style=\"font-weight: 400;\">The workshop can be booked via the form on the website <\/span><a href=\"http:\/\/www.screeno.cz\/en\/\"><span style=\"font-weight: 400;\">www.screeno.cz<\/span><\/a><span style=\"font-weight: 400;\"> or by e-mail.<\/span><\/p><p><span style=\"font-weight: 400;\">By submitting an order, the Customer agrees to these terms and conditions.<\/span><\/p><p><span style=\"font-weight: 400;\">After sending the order, the Customer will receive a confirmation and payment details.<\/span><\/p><p><span style=\"font-weight: 400;\">The contractual relationship is established when the payment of the course fee is credited to the Operator's account.<\/span><\/p><p><span style=\"font-weight: 400;\">The operator reserves the right to refuse an order, e.g. when the workshop is full.<\/span><\/p><p><span style=\"font-weight: 400;\">IV. Gift voucher and discount coupon<\/span><\/p><p><span style=\"font-weight: 400;\">After payment of the gift voucher order, the voucher is sent to the Customer's e-mail.<\/span><\/p><p><span style=\"font-weight: 400;\">The voucher contains a unique code and its validity is limited to the time stated on the voucher.<\/span><\/p><p><span style=\"font-weight: 400;\">If the price of the workshop exceeds the value of the voucher, the Customer will pay the difference.<\/span><\/p><p><span style=\"font-weight: 400;\">If the price of the workshop is less than the value of the voucher, the difference will not be refunded.<\/span><\/p><p><span style=\"font-weight: 400;\">The voucher is not redeemable for cash.<\/span><\/p><p><span style=\"font-weight: 400;\">The discount is only applied when ordering in advance, not retrospectively.<\/span><\/p><p><span style=\"font-weight: 400;\">Discount coupons and vouchers cannot be combined unless otherwise stated.<\/span><\/p><p><span style=\"font-weight: 400;\">V. Change and cancellation of the workshop<\/span><\/p><p><span style=\"font-weight: 400;\">The operator reserves the right to cancel or reschedule the workshop in the event that the capacity is not met,<\/span><span style=\"font-weight: 400;\"><br \/><\/span><span style=\"font-weight: 400;\">illness of the lecturer or other unexpected circumstances.<\/span><\/p><p><span style=\"font-weight: 400;\">In case of cancellation of the workshop, an alternative date will be offered or the course fee will be refunded.<\/span><\/p><p><span style=\"font-weight: 400;\">The customer can cancel his\/her participation by e-mail:<\/span><\/p><p><span style=\"font-weight: 400;\">more than 7 days before the workshop: 100 % of the course fee refunded<\/span><\/p><p><span style=\"font-weight: 400;\">3-6 days before the workshop: 50 % of the course fee refunded<\/span><\/p><p><span style=\"font-weight: 400;\">0-2 days before the workshop: full fee is forfeited<\/span><\/p><p><span style=\"font-weight: 400;\">The customer can send a substitute without paying a cancellation fee.<\/span><\/p><p><span style=\"font-weight: 400;\">VI. Privacy Policy<\/span><span style=\"font-weight: 400;\"><br \/><\/span><span style=\"font-weight: 400;\">The Operator processes the Customer's personal data in accordance with Regulation (EU) 2016\/679 (GDPR)<\/span><span style=\"font-weight: 400;\"><br \/><\/span><span style=\"font-weight: 400;\">and the applicable legislation of the Czech Republic. The data is not provided to third parties, except for<\/span><span style=\"font-weight: 400;\"><br \/><\/span><span style=\"font-weight: 400;\">external providers of accounting and tax services or where required by law.<\/span><span style=\"font-weight: 400;\"><br \/><\/span><span style=\"font-weight: 400;\">The customer has the right to access, rectify, restrict processing or delete their personal data.<\/span><span style=\"font-weight: 400;\"><br \/><\/span><span style=\"font-weight: 400;\">VII. Final Provisions<\/span><\/p><p><span style=\"font-weight: 400;\">These terms and conditions are an integral part of every workshop order.<\/span><\/p><p><span style=\"font-weight: 400;\">The operator reserves the right to change the terms and conditions; the valid version is always available on the website <\/span><a href=\"http:\/\/www.screeno.cz\/en\/\"><span style=\"font-weight: 400;\">www.screeno.cz<\/span><\/a><span style=\"font-weight: 400;\">.<\/span><\/p><p><span style=\"font-weight: 400;\">These terms and conditions shall take effect on 14 April 2025.<\/span><\/p>\t\t\t\t\t\t\t\t<\/div>\n\t\t\t\t<\/div>\n\t\t\t\t\t<\/div>\n\t\t\t\t<\/div>\n\t\t\t\t<\/div>","protected":false},"excerpt":{"rendered":"<p>Obchodn\u00ed podm\u00ednky Provozovatel:Screeno community s.r.o.se s\u00eddlem Pek\u00e1rsk\u00e1 436\/78, Star\u00e9 Brno, 602 00 Brno I\u010cO: 24 48 04 95 zapsan\u00e1 u Krajsk\u00e9ho soudu v Brn\u011b, odd\u00edl C, vlo\u017eka 143357datum vzniku a z\u00e1pisu: 31. ledna 2025kontaktn\u00ed e-mail: tiskneme@screeno.czweb: www.screeno.cz(d\u00e1le jen \u201eProvozovatel\u201c) Z\u00e1kazn\u00edk:fyzick\u00e1 nebo pr\u00e1vnick\u00e1 osoba, kter\u00e1 objedn\u00e1v\u00e1 slu\u017ebu prost\u0159ednictv\u00edm webov\u00e9ho rozhran\u00edProvozovatele na www.screeno.cz(d\u00e1le jen \u201eZ\u00e1kazn\u00edk\u201c) II. P\u0159edm\u011bt [&hellip;]<\/p>\n","protected":false},"author":3,"featured_media":0,"parent":0,"menu_order":0,"comment_status":"closed","ping_status":"closed","template":"","meta":{"iawp_total_views":72,"footnotes":""},"class_list":["post-3048","page","type-page","status-publish","hentry"],"_links":{"self":[{"href":"https:\/\/www.screeno.cz\/en\/wp-json\/wp\/v2\/pages\/3048","targetHints":{"allow":["GET"]}}],"collection":[{"href":"https:\/\/www.screeno.cz\/en\/wp-json\/wp\/v2\/pages"}],"about":[{"href":"https:\/\/www.screeno.cz\/en\/wp-json\/wp\/v2\/types\/page"}],"author":[{"embeddable":true,"href":"https:\/\/www.screeno.cz\/en\/wp-json\/wp\/v2\/users\/3"}],"replies":[{"embeddable":true,"href":"https:\/\/www.screeno.cz\/en\/wp-json\/wp\/v2\/comments?post=3048"}],"version-history":[{"count":0,"href":"https:\/\/www.screeno.cz\/en\/wp-json\/wp\/v2\/pages\/3048\/revisions"}],"wp:attachment":[{"href":"https:\/\/www.screeno.cz\/en\/wp-json\/wp\/v2\/media?parent=3048"}],"curies":[{"name":"wp","href":"https:\/\/api.w.org\/{rel}","templated":true}]}}