

{"id":3320,"date":"2025-08-26T13:28:04","date_gmt":"2025-08-26T13:28:04","guid":{"rendered":"https:\/\/www.screeno.cz\/?page_id=3320"},"modified":"2025-09-24T08:46:11","modified_gmt":"2025-09-24T08:46:11","slug":"print-on-demand","status":"publish","type":"page","link":"https:\/\/www.screeno.cz\/en\/print-on-demand\/","title":{"rendered":"Print on demand"},"content":{"rendered":"\t\t<div data-elementor-type=\"wp-page\" data-elementor-id=\"3320\" class=\"elementor elementor-3320\" data-elementor-post-type=\"page\">\n\t\t\t\t<div class=\"elementor-element elementor-element-bd71497 e-flex e-con-boxed e-con e-parent\" data-id=\"bd71497\" data-element_type=\"container\" data-e-type=\"container\" data-settings=\"{&quot;background_background&quot;:&quot;classic&quot;}\">\n\t\t\t\t\t<div class=\"e-con-inner\">\n\t\t<div class=\"elementor-element elementor-element-a70cdc3 e-con-full e-flex e-con e-child\" data-id=\"a70cdc3\" data-element_type=\"container\" data-e-type=\"container\">\n\t\t\t\t<div class=\"elementor-element elementor-element-013728a elementor-widget elementor-widget-button\" data-id=\"013728a\" data-element_type=\"widget\" data-e-type=\"widget\" data-widget_type=\"button.default\">\n\t\t\t\t\t\t\t\t\t\t<a class=\"elementor-button elementor-size-sm\" role=\"button\">\n\t\t\t\t\t\t<span class=\"elementor-button-content-wrapper\">\n\t\t\t\t\t\t\t\t\t<span class=\"elementor-button-text\">print on demand<\/span>\n\t\t\t\t\t<\/span>\n\t\t\t\t\t<\/a>\n\t\t\t\t\t\t\t\t<\/div>\n\t\t\t\t<div class=\"elementor-element elementor-element-56e3596 elementor-widget-mobile__width-initial elementor-widget elementor-widget-heading\" data-id=\"56e3596\" data-element_type=\"widget\" data-e-type=\"widget\" data-widget_type=\"heading.default\">\n\t\t\t\t\t<h1 class=\"elementor-heading-title elementor-size-default\">Ty tvo\u0159\u00ed\u0161. My tiskneme. Tv\u016fj merch \u017eije.<\/h1>\t\t\t\t<\/div>\n\t\t\t\t<div class=\"elementor-element elementor-element-8a969f8 elementor-widget elementor-widget-heading\" data-id=\"8a969f8\" data-element_type=\"widget\" data-e-type=\"widget\" data-widget_type=\"heading.default\">\n\t\t\t\t\t<h2 class=\"elementor-heading-title elementor-size-default\">\u017d\u00e1dn\u00e9 sklady, \u017e\u00e1dn\u00e9 starosti \u2013 jen merch na objedn\u00e1vku.<\/h2>\t\t\t\t<\/div>\n\t\t\t\t<div class=\"elementor-element elementor-element-92802d7 elementor-widget__width-inherit elementor-widget elementor-widget-heading\" data-id=\"92802d7\" data-element_type=\"widget\" data-e-type=\"widget\" data-widget_type=\"heading.default\">\n\t\t\t\t\t<p class=\"elementor-heading-title elementor-size-default\">M\u00e1\u0161 komunitu, fanou\u0161ky nebo publikum, kter\u00e9 miluje tvou tvorbu? My se\u00a0postar\u00e1me o\u00a0to, aby si ji mohli obl\u00e9ct. Tiskneme na\u00a0vy\u017e\u00e1d\u00e1n\u00ed \u2013 bez nutnosti naskladn\u011bn\u00ed, s\u00a0kvalitn\u00edm textilem, s\u00edtotiskem, logistikou a\u00a0e-shopem.\n\nTy ilustruje\u0161. My \u0159e\u0161\u00edme zbytek.<\/p>\t\t\t\t<\/div>\n\t\t\t\t<div class=\"elementor-element elementor-element-04dd3a3 elementor-mobile-align-center elementor-widget elementor-widget-button\" data-id=\"04dd3a3\" data-element_type=\"widget\" data-e-type=\"widget\" data-widget_type=\"button.default\">\n\t\t\t\t\t\t\t\t\t\t<a class=\"elementor-button elementor-button-link elementor-size-sm\" href=\"#formularek\">\n\t\t\t\t\t\t<span class=\"elementor-button-content-wrapper\">\n\t\t\t\t\t\t\t\t\t<span class=\"elementor-button-text\">M\u00e1m z\u00e1jem<\/span>\n\t\t\t\t\t<\/span>\n\t\t\t\t\t<\/a>\n\t\t\t\t\t\t\t\t<\/div>\n\t\t\t\t<\/div>\n\t\t\t\t\t<\/div>\n\t\t\t\t<\/div>\n\t\t<div class=\"elementor-element elementor-element-899e6ec e-flex e-con-boxed e-con e-child\" data-id=\"899e6ec\" data-element_type=\"container\" data-e-type=\"container\">\n\t\t\t\t\t<div class=\"e-con-inner\">\n\t\t<div class=\"elementor-element elementor-element-7985f5e e-con-full e-flex e-con e-child\" data-id=\"7985f5e\" data-element_type=\"container\" data-e-type=\"container\">\n\t\t<div class=\"elementor-element elementor-element-0c601df e-con-full e-flex e-con e-child\" data-id=\"0c601df\" data-element_type=\"container\" data-e-type=\"container\">\n\t\t\t\t<div class=\"elementor-element elementor-element-b7a9438 elementor-widget__width-initial elementor-widget-tablet__width-inherit elementor-widget elementor-widget-text-editor\" data-id=\"b7a9438\" data-element_type=\"widget\" data-e-type=\"widget\" data-widget_type=\"text-editor.default\">\n\t\t\t\t\t\t\t\t\t<h3 id=\"covechnoodnbspnsdostane\">Co v\u0161echno od\u00a0n\u00e1s dostane\u0161?<\/h3><ul><li><p><strong>F\u00e9rovou spolupr\u00e1ci<\/strong>\u00a0\u2013 design z\u016fst\u00e1v\u00e1 tv\u016fj, my jen pom\u00e1h\u00e1me s\u00a0jeho cestou ke\u00a0sv\u011btu.<\/p><\/li><li><p><strong>Konzultaci motivu a\u00a0p\u0159\u00edpravy dat<\/strong>\u00a0\u2013 porad\u00edme, co bude ve\u00a0v\u00fdsledku vypadat nejl\u00edp.<\/p><\/li><li><p><strong>Kvalitn\u00ed textil<\/strong>\u00a0\u2013 t\u0159eba Stanley\/Stella \u2013 a\u00a0s\u00edtotisk, kter\u00fd dr\u017e\u00ed i\u00a0po\u00a0letech.<\/p><\/li><li><p><strong>Tisk podle popt\u00e1vky<\/strong>\u00a0\u2013 mal\u00e9 s\u00e9rie, p\u0159edobjedn\u00e1vky nebo pravideln\u00e9 dotisky.<\/p><\/li><li><p><strong>Vlastn\u00ed produkt na\u00a0na\u0161em e-shopu<\/strong>\u00a0\u2013 spr\u00e1va dostupnosti, p\u0159edobjedn\u00e1vky i\u00a0aktualizace.<\/p><\/li><li><p><strong>Fulfillment na\u00a0kl\u00ed\u010d<\/strong>\u00a0\u2013 zabal\u00edme a\u00a0po\u0161leme za\u00a0tebe. White-label, trackov\u00e1n\u00ed, klidn\u011b s\u00a0tv\u00fdm d\u011bkovn\u00fdm l\u00edstkem uvnit\u0159.<\/p><\/li><\/ul>\t\t\t\t\t\t\t\t<\/div>\n\t\t\t\t<div class=\"elementor-element elementor-element-2f91a92 elementor-mobile-align-center elementor-widget elementor-widget-button\" data-id=\"2f91a92\" data-element_type=\"widget\" data-e-type=\"widget\" data-widget_type=\"button.default\">\n\t\t\t\t\t\t\t\t\t\t<a class=\"elementor-button elementor-button-link elementor-size-sm\" href=\"#formularek\">\n\t\t\t\t\t\t<span class=\"elementor-button-content-wrapper\">\n\t\t\t\t\t\t\t\t\t<span class=\"elementor-button-text\">to zn\u00ed skv\u011ble!<\/span>\n\t\t\t\t\t<\/span>\n\t\t\t\t\t<\/a>\n\t\t\t\t\t\t\t\t<\/div>\n\t\t\t\t<\/div>\n\t\t\t\t<\/div>\n\t\t\t\t<div class=\"elementor-element elementor-element-dd19068 elementor-widget__width-inherit elementor-widget elementor-widget-image\" data-id=\"dd19068\" data-element_type=\"widget\" data-e-type=\"widget\" data-widget_type=\"image.default\">\n\t\t\t\t\t\t\t\t\t\t\t\t\t\t\t<img fetchpriority=\"high\" decoding=\"async\" width=\"960\" height=\"1280\" src=\"https:\/\/www.screeno.cz\/wp-content\/uploads\/2025\/08\/print-on-demand-trika.webp\" class=\"attachment-full size-full wp-image-3322\" alt=\"\" srcset=\"https:\/\/www.screeno.cz\/wp-content\/uploads\/2025\/08\/print-on-demand-trika.webp 960w, https:\/\/www.screeno.cz\/wp-content\/uploads\/2025\/08\/print-on-demand-trika-600x800.webp 600w, https:\/\/www.screeno.cz\/wp-content\/uploads\/2025\/08\/print-on-demand-trika-225x300.webp 225w, https:\/\/www.screeno.cz\/wp-content\/uploads\/2025\/08\/print-on-demand-trika-768x1024.webp 768w\" sizes=\"(max-width: 960px) 100vw, 960px\" \/>\t\t\t\t\t\t\t\t\t\t\t\t\t\t\t<\/div>\n\t\t\t\t\t<\/div>\n\t\t\t\t<\/div>\n\t\t<div class=\"elementor-element elementor-element-4370472 e-flex e-con-boxed e-con e-parent\" data-id=\"4370472\" data-element_type=\"container\" data-e-type=\"container\">\n\t\t\t\t\t<div class=\"e-con-inner\">\n\t\t\t\t<div class=\"elementor-element elementor-element-01c72bb elementor-widget elementor-widget-heading\" data-id=\"01c72bb\" data-element_type=\"widget\" data-e-type=\"widget\" data-widget_type=\"heading.default\">\n\t\t\t\t\t<h3 class=\"elementor-heading-title elementor-size-default\">Jak to funguje?<\/h3>\t\t\t\t<\/div>\n\t\t\t\t\t<\/div>\n\t\t\t\t<\/div>\n\t\t<div class=\"elementor-element elementor-element-37eb62b e-grid e-con-boxed e-con e-parent\" data-id=\"37eb62b\" data-element_type=\"container\" data-e-type=\"container\">\n\t\t\t\t\t<div class=\"e-con-inner\">\n\t\t<div class=\"elementor-element elementor-element-c420b23 e-con-full e-flex e-con e-child\" data-id=\"c420b23\" data-element_type=\"container\" data-e-type=\"container\">\n\t\t\t\t<div class=\"elementor-element elementor-element-80aa95f elementor-widget elementor-widget-heading\" data-id=\"80aa95f\" data-element_type=\"widget\" data-e-type=\"widget\" data-widget_type=\"heading.default\">\n\t\t\t\t\t<div class=\"elementor-heading-title elementor-size-default\">1<\/div>\t\t\t\t<\/div>\n\t\t\t\t<div class=\"elementor-element elementor-element-9aeb148 elementor-widget elementor-widget-heading\" data-id=\"9aeb148\" data-element_type=\"widget\" data-e-type=\"widget\" data-widget_type=\"heading.default\">\n\t\t\t\t\t<h3 class=\"elementor-heading-title elementor-size-default\">Po\u0161li n\u00e1m sv\u016fj design<\/h3>\t\t\t\t<\/div>\n\t\t\t\t<div class=\"elementor-element elementor-element-4724382 elementor-widget elementor-widget-text-editor\" data-id=\"4724382\" data-element_type=\"widget\" data-e-type=\"widget\" data-widget_type=\"text-editor.default\">\n\t\t\t\t\t\t\t\t\t<p>Po\u0161le\u0161 motiv, my ti d\u00e1me zp\u011btnou vazbu a\u00a0p\u0159iprav\u00edme v\u0161e k\u00a0tisku.<\/p>\t\t\t\t\t\t\t\t<\/div>\n\t\t\t\t<\/div>\n\t\t<div class=\"elementor-element elementor-element-c9764c5 e-con-full e-flex e-con e-child\" data-id=\"c9764c5\" data-element_type=\"container\" data-e-type=\"container\">\n\t\t\t\t<div class=\"elementor-element elementor-element-267c035 elementor-widget elementor-widget-heading\" data-id=\"267c035\" data-element_type=\"widget\" data-e-type=\"widget\" data-widget_type=\"heading.default\">\n\t\t\t\t\t<div class=\"elementor-heading-title elementor-size-default\">2<\/div>\t\t\t\t<\/div>\n\t\t\t\t<div class=\"elementor-element elementor-element-4db849b elementor-widget elementor-widget-heading\" data-id=\"4db849b\" data-element_type=\"widget\" data-e-type=\"widget\" data-widget_type=\"heading.default\">\n\t\t\t\t\t<h3 class=\"elementor-heading-title elementor-size-default\">Spust\u00edme prodej online<\/h3>\t\t\t\t<\/div>\n\t\t\t\t<div class=\"elementor-element elementor-element-dfcd4cb elementor-widget elementor-widget-text-editor\" data-id=\"dfcd4cb\" data-element_type=\"widget\" data-e-type=\"widget\" data-widget_type=\"text-editor.default\">\n\t\t\t\t\t\t\t\t\t<p>Tv\u016fj produkt p\u0159id\u00e1me na\u00a0e-shop s\u00a0p\u0159edobjedn\u00e1vkami nebo skladem.<\/p>\t\t\t\t\t\t\t\t<\/div>\n\t\t\t\t<\/div>\n\t\t<div class=\"elementor-element elementor-element-15ed0ba e-con-full e-flex e-con e-child\" data-id=\"15ed0ba\" data-element_type=\"container\" data-e-type=\"container\">\n\t\t\t\t<div class=\"elementor-element elementor-element-37c5bd0 elementor-widget elementor-widget-heading\" data-id=\"37c5bd0\" data-element_type=\"widget\" data-e-type=\"widget\" data-widget_type=\"heading.default\">\n\t\t\t\t\t<div class=\"elementor-heading-title elementor-size-default\">3<\/div>\t\t\t\t<\/div>\n\t\t\t\t<div class=\"elementor-element elementor-element-d256b7b elementor-widget elementor-widget-heading\" data-id=\"d256b7b\" data-element_type=\"widget\" data-e-type=\"widget\" data-widget_type=\"heading.default\">\n\t\t\t\t\t<h3 class=\"elementor-heading-title elementor-size-default\">Tiskneme na popt\u00e1vku<\/h3>\t\t\t\t<\/div>\n\t\t\t\t<div class=\"elementor-element elementor-element-012feb8 elementor-widget elementor-widget-text-editor\" data-id=\"012feb8\" data-element_type=\"widget\" data-e-type=\"widget\" data-widget_type=\"text-editor.default\">\n\t\t\t\t\t\t\t\t\t<p>Ka\u017ed\u00fd kus vyrob\u00edme a\u017e ve\u00a0chv\u00edli, kdy p\u0159ijde objedn\u00e1vka.<\/p>\t\t\t\t\t\t\t\t<\/div>\n\t\t\t\t<\/div>\n\t\t<div class=\"elementor-element elementor-element-b7495c1 e-con-full e-flex e-con e-child\" data-id=\"b7495c1\" data-element_type=\"container\" data-e-type=\"container\">\n\t\t\t\t<div class=\"elementor-element elementor-element-8b9a841 elementor-widget elementor-widget-heading\" data-id=\"8b9a841\" data-element_type=\"widget\" data-e-type=\"widget\" data-widget_type=\"heading.default\">\n\t\t\t\t\t<div class=\"elementor-heading-title elementor-size-default\">4<\/div>\t\t\t\t<\/div>\n\t\t\t\t<div class=\"elementor-element elementor-element-f51575f elementor-widget elementor-widget-heading\" data-id=\"f51575f\" data-element_type=\"widget\" data-e-type=\"widget\" data-widget_type=\"heading.default\">\n\t\t\t\t\t<h3 class=\"elementor-heading-title elementor-size-default\">Ode\u0161leme z\u00e1kazn\u00edk\u016fm<\/h3>\t\t\t\t<\/div>\n\t\t\t\t<div class=\"elementor-element elementor-element-a6089dc elementor-widget elementor-widget-text-editor\" data-id=\"a6089dc\" data-element_type=\"widget\" data-e-type=\"widget\" data-widget_type=\"text-editor.default\">\n\t\t\t\t\t\t\t\t\t<p>Bal\u00edme, pos\u00edl\u00e1me s\u00a0trackingem a\u00a0klidn\u011b p\u0159id\u00e1me tv\u016fj vzkaz.<\/p>\t\t\t\t\t\t\t\t<\/div>\n\t\t\t\t<\/div>\n\t\t<div class=\"elementor-element elementor-element-e370dfb e-con-full e-flex e-con e-child\" data-id=\"e370dfb\" data-element_type=\"container\" data-e-type=\"container\">\n\t\t\t\t<div class=\"elementor-element elementor-element-9d84a8a elementor-widget elementor-widget-heading\" data-id=\"9d84a8a\" data-element_type=\"widget\" data-e-type=\"widget\" data-widget_type=\"heading.default\">\n\t\t\t\t\t<div class=\"elementor-heading-title elementor-size-default\">5<\/div>\t\t\t\t<\/div>\n\t\t\t\t<div class=\"elementor-element elementor-element-8d5e1de elementor-widget elementor-widget-heading\" data-id=\"8d5e1de\" data-element_type=\"widget\" data-e-type=\"widget\" data-widget_type=\"heading.default\">\n\t\t\t\t\t<h3 class=\"elementor-heading-title elementor-size-default\">Vyplat\u00edme ti \u010d\u00e1stku\n<\/h3>\t\t\t\t<\/div>\n\t\t\t\t<div class=\"elementor-element elementor-element-0d28ca3 elementor-widget elementor-widget-text-editor\" data-id=\"0d28ca3\" data-element_type=\"widget\" data-e-type=\"widget\" data-widget_type=\"text-editor.default\">\n\t\t\t\t\t\t\t\t\t<p>Pravideln\u011b ti vyplac\u00edme pod\u00edl z prodan\u00fdch kus\u016f.<\/p>\t\t\t\t\t\t\t\t<\/div>\n\t\t\t\t<\/div>\n\t\t\t\t\t<\/div>\n\t\t\t\t<\/div>\n\t\t<div class=\"elementor-element elementor-element-83fabc7 e-flex e-con-boxed e-con e-child\" data-id=\"83fabc7\" data-element_type=\"container\" data-e-type=\"container\">\n\t\t\t\t\t<div class=\"e-con-inner\">\n\t\t<div class=\"elementor-element elementor-element-9c4c4e7 e-con-full e-flex e-con e-child\" data-id=\"9c4c4e7\" data-element_type=\"container\" data-e-type=\"container\">\n\t\t<div class=\"elementor-element elementor-element-281a5e6 e-con-full e-flex e-con e-child\" data-id=\"281a5e6\" data-element_type=\"container\" data-e-type=\"container\">\n\t\t\t\t<div class=\"elementor-element elementor-element-7a07739 elementor-widget__width-initial elementor-widget-tablet__width-inherit elementor-widget elementor-widget-text-editor\" data-id=\"7a07739\" data-element_type=\"widget\" data-e-type=\"widget\" data-widget_type=\"text-editor.default\">\n\t\t\t\t\t\t\t\t\t<h3 id=\"prokohotoje\">Pro koho to je?<\/h3><ul><li><p><strong>Ilustr\u00e1to\u0159i a\u00a0design\u00e9\u0159i<\/strong><br \/>Chce\u0161, aby tvoje kresby \u017eily i\u00a0mimo obrazovku? Ud\u011blej z\u00a0nich merch bez starost\u00ed.<\/p><\/li><li><p><strong>Kapely a\u00a0um\u011blci<\/strong><br \/>Fanou\u0161ci cht\u011bj\u00ed tri\u010dka, ty nechce\u0161 \u0159e\u0161it sklady \u2013 my to vy\u0159e\u0161\u00edme za\u00a0tebe.<\/p><\/li><li><p><strong>Tv\u016frci na\u00a0s\u00edt\u00edch<\/strong><br \/>M\u00e1\u0161 komunitu, kter\u00e1 t\u011b sleduje? Nab\u00eddni jim merch, my se\u00a0postar\u00e1me o\u00a0tisk i\u00a0dopravu.<\/p><\/li><li><p><strong>M\u00f3dn\u00ed zna\u010dky a\u00a0start-upy<\/strong><br \/>Pot\u0159ebuje\u0161 kr\u00e1tk\u00e9 s\u00e9rie nebo testovac\u00ed kolekce? Vyr\u00e1b\u00edme jen tolik, kolik je t\u0159eba.<\/p><\/li><\/ul>\t\t\t\t\t\t\t\t<\/div>\n\t\t\t\t<div class=\"elementor-element elementor-element-7897885 elementor-mobile-align-center elementor-widget elementor-widget-button\" data-id=\"7897885\" data-element_type=\"widget\" data-e-type=\"widget\" data-widget_type=\"button.default\">\n\t\t\t\t\t\t\t\t\t\t<a class=\"elementor-button elementor-button-link elementor-size-sm\" href=\"#formularek\">\n\t\t\t\t\t\t<span class=\"elementor-button-content-wrapper\">\n\t\t\t\t\t\t\t\t\t<span class=\"elementor-button-text\">tohle pot\u0159ebuju!<\/span>\n\t\t\t\t\t<\/span>\n\t\t\t\t\t<\/a>\n\t\t\t\t\t\t\t\t<\/div>\n\t\t\t\t<\/div>\n\t\t\t\t<\/div>\n\t\t\t\t<div class=\"elementor-element elementor-element-bf44597 elementor-widget__width-inherit elementor-widget elementor-widget-image\" data-id=\"bf44597\" data-element_type=\"widget\" data-e-type=\"widget\" data-widget_type=\"image.default\">\n\t\t\t\t\t\t\t\t\t\t\t\t\t\t\t<img decoding=\"async\" width=\"960\" height=\"1280\" src=\"https:\/\/www.screeno.cz\/wp-content\/uploads\/2025\/08\/print-on-demand-triko.webp\" class=\"attachment-full size-full wp-image-3330\" alt=\"\" srcset=\"https:\/\/www.screeno.cz\/wp-content\/uploads\/2025\/08\/print-on-demand-triko.webp 960w, https:\/\/www.screeno.cz\/wp-content\/uploads\/2025\/08\/print-on-demand-triko-600x800.webp 600w, https:\/\/www.screeno.cz\/wp-content\/uploads\/2025\/08\/print-on-demand-triko-225x300.webp 225w, https:\/\/www.screeno.cz\/wp-content\/uploads\/2025\/08\/print-on-demand-triko-768x1024.webp 768w\" sizes=\"(max-width: 960px) 100vw, 960px\" \/>\t\t\t\t\t\t\t\t\t\t\t\t\t\t\t<\/div>\n\t\t\t\t\t<\/div>\n\t\t\t\t<\/div>\n\t\t<div class=\"elementor-element elementor-element-3cad753 e-flex e-con-boxed e-con e-parent\" data-id=\"3cad753\" data-element_type=\"container\" data-e-type=\"container\" id=\"formularek\">\n\t\t\t\t\t<div class=\"e-con-inner\">\n\t\t\t\t<div class=\"elementor-element elementor-element-172966c elementor-widget elementor-widget-heading\" data-id=\"172966c\" data-element_type=\"widget\" data-e-type=\"widget\" data-widget_type=\"heading.default\">\n\t\t\t\t\t<h2 class=\"elementor-heading-title elementor-size-default\">Chce\u0161 to rozjet?<\/h2>\t\t\t\t<\/div>\n\t\t\t\t<div class=\"elementor-element elementor-element-ccada3c elementor-widget elementor-widget-text-editor\" data-id=\"ccada3c\" data-element_type=\"widget\" data-e-type=\"widget\" data-widget_type=\"text-editor.default\">\n\t\t\t\t\t\t\t\t\t<p>Dej n\u00e1m v\u011bd\u011bt a poj\u010fme spustit tv\u016fj merch!<\/p>\t\t\t\t\t\t\t\t<\/div>\n\t\t\t\t<div class=\"elementor-element elementor-element-5323954 elementor-widget__width-initial elementor-widget-tablet__width-inherit elementor-button-align-stretch elementor-widget elementor-widget-form\" data-id=\"5323954\" data-element_type=\"widget\" data-e-type=\"widget\" data-settings=\"{&quot;step_next_label&quot;:&quot;Next&quot;,&quot;step_previous_label&quot;:&quot;Previous&quot;,&quot;button_width&quot;:&quot;100&quot;,&quot;step_type&quot;:&quot;number_text&quot;,&quot;step_icon_shape&quot;:&quot;circle&quot;}\" data-widget_type=\"form.default\">\n\t\t\t\t\t\t\t<form class=\"elementor-form\" method=\"post\" name=\"Teambulding\" aria-label=\"Teambulding\">\n\t\t\t<input type=\"hidden\" name=\"post_id\" value=\"3320\"\/>\n\t\t\t<input type=\"hidden\" name=\"form_id\" value=\"5323954\"\/>\n\t\t\t<input type=\"hidden\" name=\"referer_title\" value=\"\" \/>\n\n\t\t\t\n\t\t\t<div class=\"elementor-form-fields-wrapper elementor-labels-above\">\n\t\t\t\t\t\t\t\t<div class=\"elementor-field-type-text elementor-field-group elementor-column elementor-field-group-name elementor-col-50 elementor-sm-50\">\n\t\t\t\t\t\t\t\t\t\t\t\t\t<input size=\"1\" type=\"text\" name=\"form_fields[name]\" id=\"form-field-name\" class=\"elementor-field elementor-size-sm  elementor-field-textual\" placeholder=\"Jm\u00e9no\">\n\t\t\t\t\t\t\t\t\t\t\t<\/div>\n\t\t\t\t\t\t\t\t<div class=\"elementor-field-type-text elementor-field-group elementor-column elementor-field-group-field_a939106 elementor-col-50 elementor-sm-50\">\n\t\t\t\t\t\t\t\t\t\t\t\t\t<input size=\"1\" type=\"text\" name=\"form_fields[field_a939106]\" id=\"form-field-field_a939106\" class=\"elementor-field elementor-size-sm  elementor-field-textual\" placeholder=\"P\u0159\u00edjmen\u00ed\">\n\t\t\t\t\t\t\t\t\t\t\t<\/div>\n\t\t\t\t\t\t\t\t<div class=\"elementor-field-type-email elementor-field-group elementor-column elementor-field-group-email elementor-col-50 elementor-field-required\">\n\t\t\t\t\t\t\t\t\t\t\t\t\t<input size=\"1\" type=\"email\" name=\"form_fields[email]\" id=\"form-field-email\" class=\"elementor-field elementor-size-sm  elementor-field-textual\" placeholder=\"E-mail\" required=\"required\">\n\t\t\t\t\t\t\t\t\t\t\t<\/div>\n\t\t\t\t\t\t\t\t<div class=\"elementor-field-type-number elementor-field-group elementor-column elementor-field-group-field_a47096b elementor-col-50 elementor-field-required\">\n\t\t\t\t\t\t\t\t<input type=\"number\" name=\"form_fields[field_a47096b]\" id=\"form-field-field_a47096b\" class=\"elementor-field elementor-size-sm  elementor-field-textual\" placeholder=\"Telefon\" required=\"required\" min=\"\" max=\"\" >\n\t\t\t\t\t\t<\/div>\n\t\t\t\t\t\t\t\t<div class=\"elementor-field-type-text elementor-field-group elementor-column elementor-field-group-field_bcbf4bf elementor-col-50\">\n\t\t\t\t\t\t\t\t\t\t\t\t\t<input size=\"1\" type=\"text\" name=\"form_fields[field_bcbf4bf]\" id=\"form-field-field_bcbf4bf\" class=\"elementor-field elementor-size-sm  elementor-field-textual\" placeholder=\"N\u00e1zev projektu\">\n\t\t\t\t\t\t\t\t\t\t\t<\/div>\n\t\t\t\t\t\t\t\t<div class=\"elementor-field-type-text elementor-field-group elementor-column elementor-field-group-field_7425a99 elementor-col-50\">\n\t\t\t\t\t\t\t\t\t\t\t\t\t<input size=\"1\" type=\"text\" name=\"form_fields[field_7425a99]\" id=\"form-field-field_7425a99\" class=\"elementor-field elementor-size-sm  elementor-field-textual\" placeholder=\"Web\">\n\t\t\t\t\t\t\t\t\t\t\t<\/div>\n\t\t\t\t\t\t\t\t<div class=\"elementor-field-type-textarea elementor-field-group elementor-column elementor-field-group-message elementor-col-100\">\n\t\t\t\t\t\t\t\t\t\t\t\t<label for=\"form-field-message\" class=\"elementor-field-label\">\n\t\t\t\t\t\t\t\tZpr\u00e1va\t\t\t\t\t\t\t<\/label>\n\t\t\t\t\t\t<textarea class=\"elementor-field-textual elementor-field  elementor-size-sm\" name=\"form_fields[message]\" id=\"form-field-message\" rows=\"4\" placeholder=\"Co chce\u0161 p\u0159iv\u00e9st k \u017eivotu?\"><\/textarea>\t\t\t\t<\/div>\n\t\t\t\t\t\t\t\t<div class=\"elementor-field-type-checkbox elementor-field-group elementor-column elementor-field-group-field_ef2c3fd elementor-col-100\">\n\t\t\t\t\t<div class=\"elementor-field-subgroup  \"><span class=\"elementor-field-option\"><input type=\"checkbox\" value=\"Souhlas\u00edm s GDPR\" id=\"form-field-field_ef2c3fd-0\" name=\"form_fields[field_ef2c3fd]\"> <label for=\"form-field-field_ef2c3fd-0\">Souhlas\u00edm s GDPR<\/label><\/span><\/div>\t\t\t\t<\/div>\n\t\t\t\t\t\t\t\t<div class=\"elementor-field-type-recaptcha_v3 elementor-field-group elementor-column elementor-field-group-field_59822c9 elementor-col-100 recaptcha_v3-bottomright\">\n\t\t\t\t\t<div class=\"elementor-field\" id=\"form-field-field_59822c9\"><div class=\"elementor-g-recaptcha\" data-sitekey=\"6LcbWvIqAAAAAMCvR3hdTI5G_SdoVakEr7UUQh8Q\" data-type=\"v3\" data-action=\"Form\" data-badge=\"bottomright\" data-size=\"invisible\"><\/div><\/div>\t\t\t\t<\/div>\n\t\t\t\t\t\t\t\t<div class=\"elementor-field-group elementor-column elementor-field-type-submit elementor-col-100 e-form__buttons\">\n\t\t\t\t\t<button class=\"elementor-button elementor-size-sm\" type=\"submit\">\n\t\t\t\t\t\t<span class=\"elementor-button-content-wrapper\">\n\t\t\t\t\t\t\t\t\t\t\t\t\t\t\t\t\t\t\t\t\t\t<span class=\"elementor-button-text\">Odeslat<\/span>\n\t\t\t\t\t\t\t\t\t\t\t\t\t<\/span>\n\t\t\t\t\t<\/button>\n\t\t\t\t<\/div>\n\t\t\t<\/div>\n\t\t<\/form>\n\t\t\t\t\t\t<\/div>\n\t\t\t\t\t<\/div>\n\t\t\t\t<\/div>\n\t\t\t\t<\/div>\n\t\t","protected":false},"excerpt":{"rendered":"<p>print on demand Ty tvo\u0159\u00ed\u0161. My tiskneme. Tv\u016fj merch \u017eije. \u017d\u00e1dn\u00e9 sklady, \u017e\u00e1dn\u00e9 starosti \u2013 jen merch na objedn\u00e1vku. M\u00e1\u0161 komunitu, fanou\u0161ky nebo publikum, kter\u00e9 miluje tvou tvorbu? My se\u00a0postar\u00e1me o\u00a0to, aby si ji mohli obl\u00e9ct. Tiskneme na\u00a0vy\u017e\u00e1d\u00e1n\u00ed \u2013 bez nutnosti naskladn\u011bn\u00ed, s\u00a0kvalitn\u00edm textilem, s\u00edtotiskem, logistikou a\u00a0e-shopem. Ty ilustruje\u0161. My \u0159e\u0161\u00edme zbytek. M\u00e1m z\u00e1jem Co [&hellip;]<\/p>\n","protected":false},"author":2,"featured_media":0,"parent":0,"menu_order":0,"comment_status":"closed","ping_status":"closed","template":"","meta":{"iawp_total_views":582,"footnotes":""},"class_list":["post-3320","page","type-page","status-publish","hentry"],"_links":{"self":[{"href":"https:\/\/www.screeno.cz\/en\/wp-json\/wp\/v2\/pages\/3320","targetHints":{"allow":["GET"]}}],"collection":[{"href":"https:\/\/www.screeno.cz\/en\/wp-json\/wp\/v2\/pages"}],"about":[{"href":"https:\/\/www.screeno.cz\/en\/wp-json\/wp\/v2\/types\/page"}],"author":[{"embeddable":true,"href":"https:\/\/www.screeno.cz\/en\/wp-json\/wp\/v2\/users\/2"}],"replies":[{"embeddable":true,"href":"https:\/\/www.screeno.cz\/en\/wp-json\/wp\/v2\/comments?post=3320"}],"version-history":[{"count":0,"href":"https:\/\/www.screeno.cz\/en\/wp-json\/wp\/v2\/pages\/3320\/revisions"}],"wp:attachment":[{"href":"https:\/\/www.screeno.cz\/en\/wp-json\/wp\/v2\/media?parent=3320"}],"curies":[{"name":"wp","href":"https:\/\/api.w.org\/{rel}","templated":true}]}}