

{"id":3431,"date":"2025-09-09T19:59:37","date_gmt":"2025-09-09T19:59:37","guid":{"rendered":"https:\/\/www.screeno.cz\/kosik\/"},"modified":"2025-10-12T10:22:52","modified_gmt":"2025-10-12T10:22:52","slug":"kosik","status":"publish","type":"page","link":"https:\/\/www.screeno.cz\/en\/kosik\/","title":{"rendered":"Basket"},"content":{"rendered":"<div data-elementor-type=\"wp-page\" data-elementor-id=\"3431\" class=\"elementor elementor-3431\" data-elementor-post-type=\"page\">\n\t\t\t\t<div class=\"elementor-element elementor-element-8cc6406 e-flex e-con-boxed e-con e-parent\" data-id=\"8cc6406\" data-element_type=\"container\" data-e-type=\"container\">\n\t\t\t\t\t<div class=\"e-con-inner\">\n\t\t\t\t\t<\/div>\n\t\t\t\t<\/div>\n\t\t\t\t<\/div>","protected":false},"excerpt":{"rendered":"<p>Odstranit polo\u017eku Obr\u00e1zek miniatury Produkt Cena Mno\u017estv\u00ed Mezisou\u010det &times; Triko Unicorn Barva trika: B\u00edl\u00e1 Velikost: S 590&nbsp;&#75;&#269; Triko Unicorn mno\u017estv\u00ed 1 180&nbsp;&#75;&#269; &times; Triko Unicorn Barva trika: B\u00edl\u00e1 Velikost: XXS 590&nbsp;&#75;&#269; Triko Unicorn mno\u017estv\u00ed 590&nbsp;&#75;&#269; Celkem Mezisou\u010det 1 770&nbsp;&#75;&#269; Doprava Free shipping Mo\u017enosti p\u0159epravy budou aktualizov\u00e1ny na str\u00e1nce pokladny. Spo\u010d\u00edtat po\u0161tovn\u00e9 Zem\u011b \/ region Vyberte [&hellip;]<\/p>\n","protected":false},"author":1,"featured_media":0,"parent":0,"menu_order":0,"comment_status":"closed","ping_status":"closed","template":"","meta":{"iawp_total_views":1061,"footnotes":""},"class_list":["post-3431","page","type-page","status-publish","hentry"],"_links":{"self":[{"href":"https:\/\/www.screeno.cz\/en\/wp-json\/wp\/v2\/pages\/3431","targetHints":{"allow":["GET"]}}],"collection":[{"href":"https:\/\/www.screeno.cz\/en\/wp-json\/wp\/v2\/pages"}],"about":[{"href":"https:\/\/www.screeno.cz\/en\/wp-json\/wp\/v2\/types\/page"}],"author":[{"embeddable":true,"href":"https:\/\/www.screeno.cz\/en\/wp-json\/wp\/v2\/users\/1"}],"replies":[{"embeddable":true,"href":"https:\/\/www.screeno.cz\/en\/wp-json\/wp\/v2\/comments?post=3431"}],"version-history":[{"count":0,"href":"https:\/\/www.screeno.cz\/en\/wp-json\/wp\/v2\/pages\/3431\/revisions"}],"wp:attachment":[{"href":"https:\/\/www.screeno.cz\/en\/wp-json\/wp\/v2\/media?parent=3431"}],"curies":[{"name":"wp","href":"https:\/\/api.w.org\/{rel}","templated":true}]}}