

{"id":409,"date":"2025-02-13T13:45:54","date_gmt":"2025-02-13T13:45:54","guid":{"rendered":"https:\/\/www.screeno.cz\/?page_id=409"},"modified":"2025-10-03T10:32:25","modified_gmt":"2025-10-03T10:32:25","slug":"contact","status":"publish","type":"page","link":"https:\/\/www.screeno.cz\/en\/kontakt\/","title":{"rendered":"Contact"},"content":{"rendered":"<div data-elementor-type=\"wp-page\" data-elementor-id=\"409\" class=\"elementor elementor-409\" data-elementor-post-type=\"page\">\n\t\t\t\t<div class=\"elementor-element elementor-element-a8e235f e-flex e-con-boxed e-con e-parent\" data-id=\"a8e235f\" data-element_type=\"container\" data-e-type=\"container\">\n\t\t\t\t\t<div class=\"e-con-inner\">\n\t\t<div class=\"elementor-element elementor-element-0205c0f e-con-full e-flex e-con e-child\" data-id=\"0205c0f\" data-element_type=\"container\" data-e-type=\"container\">\n\t\t\t\t<div class=\"elementor-element elementor-element-63635d8 elementor-widget elementor-widget-heading\" data-id=\"63635d8\" data-element_type=\"widget\" data-e-type=\"widget\" data-widget_type=\"heading.default\">\n\t\t\t\t\t<h1 class=\"elementor-heading-title elementor-size-default\"> Where colours come alive <\/h1>\t\t\t\t<\/div>\n\t\t\t\t<div class=\"elementor-element elementor-element-9e3146b elementor-widget elementor-widget-text-editor\" data-id=\"9e3146b\" data-element_type=\"widget\" data-e-type=\"widget\" data-widget_type=\"text-editor.default\">\n\t\t\t\t\t\t\t\t\t<p>Do you want to ask a question, book an appointment or just find out what you can print with us?<\/p><p>Drop us a line - we're here to advise, fine-tune and get you excited about screen printing.<\/p>\t\t\t\t\t\t\t\t<\/div>\n\t\t\t\t<\/div>\n\t\t<div class=\"elementor-element elementor-element-f2cc161 e-con-full e-flex e-con e-child\" data-id=\"f2cc161\" data-element_type=\"container\" data-e-type=\"container\">\n\t\t\t\t<div class=\"elementor-element elementor-element-1b4b8ee elementor-widget elementor-widget-icon-box\" data-id=\"1b4b8ee\" data-element_type=\"widget\" data-e-type=\"widget\" data-widget_type=\"icon-box.default\">\n\t\t\t\t\t\t\t<div class=\"elementor-icon-box-wrapper\">\n\n\t\t\t\n\t\t\t\t\t\t<div class=\"elementor-icon-box-content\">\n\n\t\t\t\t\t\t\t\t\t<h3 class=\"elementor-icon-box-title\">\n\t\t\t\t\t\t<a href=\"mailto:tiskneme@screeno.cz\" >\n\t\t\t\t\t\t\ttiskneme@screeno.cz\t\t\t\t\t\t<\/a>\n\t\t\t\t\t<\/h3>\n\t\t\t\t\n\t\t\t\t\n\t\t\t<\/div>\n\t\t\t\n\t\t<\/div>\n\t\t\t\t\t\t<\/div>\n\t\t\t\t<div class=\"elementor-element elementor-element-60b94b1 elementor-widget elementor-widget-icon-box\" data-id=\"60b94b1\" data-element_type=\"widget\" data-e-type=\"widget\" data-widget_type=\"icon-box.default\">\n\t\t\t\t\t\t\t<div class=\"elementor-icon-box-wrapper\">\n\n\t\t\t\n\t\t\t\t\t\t<div class=\"elementor-icon-box-content\">\n\n\t\t\t\t\t\t\t\t\t<h3 class=\"elementor-icon-box-title\">\n\t\t\t\t\t\t<a href=\"tel:+420%20776%20626%20965\" >\n\t\t\t\t\t\t\t+420 776 626 965\t\t\t\t\t\t<\/a>\n\t\t\t\t\t<\/h3>\n\t\t\t\t\n\t\t\t\t\n\t\t\t<\/div>\n\t\t\t\n\t\t<\/div>\n\t\t\t\t\t\t<\/div>\n\t\t\t\t<div class=\"elementor-element elementor-element-d816994 elementor-widget elementor-widget-icon-box\" data-id=\"d816994\" data-element_type=\"widget\" data-e-type=\"widget\" data-widget_type=\"icon-box.default\">\n\t\t\t\t\t\t\t<div class=\"elementor-icon-box-wrapper\">\n\n\t\t\t\n\t\t\t\t\t\t<div class=\"elementor-icon-box-content\">\n\n\t\t\t\t\t\t\t\t\t<h3 class=\"elementor-icon-box-title\">\n\t\t\t\t\t\t<span  >\n\t\t\t\t\t\t\tPeka\u0159sk\u00e1 78, Brno, Czech Republic\t\t\t\t\t\t<\/span>\n\t\t\t\t\t<\/h3>\n\t\t\t\t\n\t\t\t\t\n\t\t\t<\/div>\n\t\t\t\n\t\t<\/div>\n\t\t\t\t\t\t<\/div>\n\t\t\t\t<\/div>\n\t\t\t\t<div class=\"elementor-element elementor-element-864fd67 elementor-widget elementor-widget-google_maps\" data-id=\"864fd67\" data-element_type=\"widget\" data-e-type=\"widget\" data-widget_type=\"google_maps.default\">\n\t\t\t\t\t\t\t<div class=\"elementor-custom-embed\">\n\t\t\t<iframe loading=\"lazy\"\n\t\t\t\t\tsrc=\"https:\/\/maps.google.com\/maps?q=peka%C5%99sk%C3%A1%2078%2C%20brno&#038;t=m&#038;z=17&#038;output=embed&#038;iwloc=near\"\n\t\t\t\t\ttitle=\"bakarska 78, Brno\"\n\t\t\t\t\taria-label=\"bakarska 78, Brno\"\n\t\t\t><\/iframe>\n\t\t<\/div>\n\t\t\t\t\t\t<\/div>\n\t\t\t\t\t<\/div>\n\t\t\t\t<\/div>\n\t\t<div class=\"elementor-element elementor-element-31e7f18 e-flex e-con-boxed e-con e-parent\" data-id=\"31e7f18\" data-element_type=\"container\" data-e-type=\"container\">\n\t\t\t\t\t<div class=\"e-con-inner\">\n\t\t\t\t<div class=\"elementor-element elementor-element-761c36c elementor-widget__width-initial elementor-widget-mobile__width-inherit elementor-widget elementor-widget-text-editor\" data-id=\"761c36c\" data-element_type=\"widget\" data-e-type=\"widget\" data-widget_type=\"text-editor.default\">\n\t\t\t\t\t\t\t\t\t<div><strong>Operator:<\/strong><\/div><div>Screeno s.r.o.<\/div><div>Peka\u0159sk\u00e1 78, 602 00 Brno<\/div><div><div>Account number: 2203107253\/2010<\/div><div>ID: 22541314<\/div><div>We are not VAT payers<\/div><\/div>\t\t\t\t\t\t\t\t<\/div>\n\t\t\t\t<div class=\"elementor-element elementor-element-517a4e2 elementor-widget__width-initial elementor-widget-mobile__width-inherit elementor-widget elementor-widget-text-editor\" data-id=\"517a4e2\" data-element_type=\"widget\" data-e-type=\"widget\" data-widget_type=\"text-editor.default\">\n\t\t\t\t\t\t\t\t\t<div><div><strong>Responsible person:<\/strong><\/div><div>Lucie Holou\u0161ov\u00e1<\/div><\/div><div>\u00a0<\/div><div><strong>Establishment:<\/strong><\/div><div>Screeno,<\/div><div>Peka\u0159sk\u00e1 78, 602 00, Brno<\/div>\t\t\t\t\t\t\t\t<\/div>\n\t\t\t\t<div class=\"elementor-element elementor-element-b5b790e elementor-widget__width-initial elementor-widget-mobile__width-inherit elementor-widget-tablet__width-inherit elementor-widget elementor-widget-text-editor\" data-id=\"b5b790e\" data-element_type=\"widget\" data-e-type=\"widget\" data-widget_type=\"text-editor.default\">\n\t\t\t\t\t\t\t\t\t<div><p>Operator registered in the trade register of MU Brno, trade license issued 27.1.2025<\/p><\/div><div>File No: C 143357\/KSBR Regional Court in Brno<\/div>\t\t\t\t\t\t\t\t<\/div>\n\t\t\t\t\t<\/div>\n\t\t\t\t<\/div>\n\t\t\t\t<\/div>","protected":false},"excerpt":{"rendered":"<p>Kde barvy o\u017e\u00edvaj\u00ed Chce\u0161 se\u00a0na n\u011bco zeptat, rezervovat term\u00edn nebo prost\u011b jen zjistit, co v\u0161echno u\u00a0n\u00e1s m\u016f\u017ee\u0161 tisknout? Napi\u0161 n\u00e1m \u2013 jsme tu od\u00a0toho, abychom poradili, doladili a\u00a0nadchli t\u011b pro s\u00edtotisk. tiskneme@screeno.cz +420 776 626 965 Peka\u0159sk\u00e1 78, Brno, \u010cesko Provozovatel:Screeno s.r.o.Peka\u0159sk\u00e1 78, 602 00 Brno\u010d\u00edslo \u00fa\u010dtu: 2203107253\/2010I\u010c: 22541314Nejsme pl\u00e1tci DPHOdpov\u011bdn\u00e1 osoba:Lucie Holou\u0161ov\u00e1\u00a0Provozovna:Screeno,Peka\u0159sk\u00e1 78, 602 [&hellip;]<\/p>\n","protected":false},"author":2,"featured_media":0,"parent":0,"menu_order":0,"comment_status":"closed","ping_status":"closed","template":"","meta":{"iawp_total_views":1902,"footnotes":""},"class_list":["post-409","page","type-page","status-publish","hentry"],"_links":{"self":[{"href":"https:\/\/www.screeno.cz\/en\/wp-json\/wp\/v2\/pages\/409","targetHints":{"allow":["GET"]}}],"collection":[{"href":"https:\/\/www.screeno.cz\/en\/wp-json\/wp\/v2\/pages"}],"about":[{"href":"https:\/\/www.screeno.cz\/en\/wp-json\/wp\/v2\/types\/page"}],"author":[{"embeddable":true,"href":"https:\/\/www.screeno.cz\/en\/wp-json\/wp\/v2\/users\/2"}],"replies":[{"embeddable":true,"href":"https:\/\/www.screeno.cz\/en\/wp-json\/wp\/v2\/comments?post=409"}],"version-history":[{"count":0,"href":"https:\/\/www.screeno.cz\/en\/wp-json\/wp\/v2\/pages\/409\/revisions"}],"wp:attachment":[{"href":"https:\/\/www.screeno.cz\/en\/wp-json\/wp\/v2\/media?parent=409"}],"curies":[{"name":"wp","href":"https:\/\/api.w.org\/{rel}","templated":true}]}}