

{"id":776,"date":"2025-02-21T09:21:48","date_gmt":"2025-02-21T09:21:48","guid":{"rendered":"https:\/\/www.screeno.cz\/?page_id=776"},"modified":"2025-12-12T16:10:07","modified_gmt":"2025-12-12T16:10:07","slug":"about-us","status":"publish","type":"page","link":"https:\/\/www.screeno.cz\/en\/o-nas\/","title":{"rendered":"About us"},"content":{"rendered":"\t\t<div data-elementor-type=\"wp-page\" data-elementor-id=\"776\" class=\"elementor elementor-776\" data-elementor-post-type=\"page\">\n\t\t\t\t<div class=\"elementor-element elementor-element-75f887d e-flex e-con-boxed e-con e-parent\" data-id=\"75f887d\" data-element_type=\"container\" data-e-type=\"container\">\n\t\t\t\t\t<div class=\"e-con-inner\">\n\t\t<div class=\"elementor-element elementor-element-0895072 e-con-full e-flex e-con e-child\" data-id=\"0895072\" data-element_type=\"container\" data-e-type=\"container\">\n\t\t\t\t<div class=\"elementor-element elementor-element-617d223 elementor-widget__width-inherit elementor-widget elementor-widget-heading\" data-id=\"617d223\" data-element_type=\"widget\" data-e-type=\"widget\" data-widget_type=\"heading.default\">\n\t\t\t\t\t<h1 class=\"elementor-heading-title elementor-size-default\">O n\u00e1s<\/h1>\t\t\t\t<\/div>\n\t\t<div class=\"elementor-element elementor-element-63fed81 e-con-full e-flex e-con e-child\" data-id=\"63fed81\" data-element_type=\"container\" data-e-type=\"container\">\n\t\t\t\t<div class=\"elementor-element elementor-element-53f1e8a elementor-widget__width-inherit elementor-widget elementor-widget-text-editor\" data-id=\"53f1e8a\" data-element_type=\"widget\" data-e-type=\"widget\" data-widget_type=\"text-editor.default\">\n\t\t\t\t\t\t\t\t\t<p>Jsme komunitn\u00ed s\u00edtotiskov\u00e9 studio, kde se\u00a0z\u00a0n\u00e1pad\u016f rod\u00ed hmatateln\u00e1 realita.<\/p><p>\u00a0<\/p><p>Screeno je s\u00edtotisk a s\u00edtotisk je terapie kreativitou!<\/p><p>\u00a0<\/p><p>Sd\u00edl\u00edme zku\u0161enosti, navz\u00e1jem se\u00a0inspirujeme a\u00a0otev\u00edr\u00e1me prostor, kde nejde o\u00a0to, co um\u00ed\u0161. Ale co chce\u0161 zkusit. Experimentuj!<\/p>\t\t\t\t\t\t\t\t<\/div>\n\t\t\t\t<\/div>\n\t\t\t\t<\/div>\n\t\t\t\t\t<\/div>\n\t\t\t\t<\/div>\n\t\t<div class=\"elementor-element elementor-element-3a1ee1b e-flex e-con-boxed e-con e-parent\" data-id=\"3a1ee1b\" data-element_type=\"container\" data-e-type=\"container\">\n\t\t\t\t\t<div class=\"e-con-inner\">\n\t\t<div class=\"elementor-element elementor-element-941a55e e-con-full e-flex e-con e-child\" data-id=\"941a55e\" data-element_type=\"container\" data-e-type=\"container\">\n\t\t\t\t<div class=\"elementor-element elementor-element-09dca43 elementor-widget elementor-widget-heading\" data-id=\"09dca43\" data-element_type=\"widget\" data-e-type=\"widget\" data-widget_type=\"heading.default\">\n\t\t\t\t\t<h2 class=\"elementor-heading-title elementor-size-default\"> Tvo\u0159\u00edme prostor, kde kreativita nezn\u00e1 hranice<\/h2>\t\t\t\t<\/div>\n\t\t\t\t<div class=\"elementor-element elementor-element-6db6095 elementor-widget elementor-widget-text-editor\" data-id=\"6db6095\" data-element_type=\"widget\" data-e-type=\"widget\" data-widget_type=\"text-editor.default\">\n\t\t\t\t\t\t\t\t\t<p><span style=\"font-weight: 400;\">Kdysi tu von\u011bl l\u00edh, dnes tu schne barva. Peka\u0159sk\u00e1 78, b\u00fdval\u00fd lihovar, se prom\u011bnil v s\u00edtotiskov\u00e9 studio s industri\u00e1ln\u00edm n\u00e1dechem a \u017eivou energi\u00ed. Z\u016fstaly surov\u00e9 zdi, vysok\u00e9 stropy a historie, kter\u00e1 d\u00e1v\u00e1 m\u00edstu jedine\u010dn\u00fd charakter.<\/span><\/p>\t\t\t\t\t\t\t\t<\/div>\n\t\t\t\t<div class=\"elementor-element elementor-element-20b08d1 elementor-widget elementor-widget-text-editor\" data-id=\"20b08d1\" data-element_type=\"widget\" data-e-type=\"widget\" data-widget_type=\"text-editor.default\">\n\t\t\t\t\t\t\t\t\t<p><span style=\"font-weight: 400;\">\u201eZa\u010dalo to l\u00e1skou k s\u00edtotisku a touhou vytvo\u0159it m\u00edsto, kde si ka\u017ed\u00fd m\u016f\u017ee tisknout po sv\u00e9m. Po zav\u0159en\u00ed Brno Tiskne jsem se rozhodla pokra\u010dovat. Ve stejn\u00e9m prostoru, s novou energi\u00ed a s c\u00edlem d\u00e1t lidem mo\u017enost tvo\u0159it, u\u010dit se a sd\u00edlet sv\u00e9 n\u00e1pady.<\/span><\/p><p><span style=\"font-weight: 400;\">Tak vzniklo Screeno. S\u00edtotiskov\u00e9 studio, kter\u00e9 je otev\u0159en\u00e9 v\u0161em, kdo cht\u011bj\u00ed d\u00e1t barv\u00e1m voln\u00fd pr\u016fchod.\u201c \u0158\u00edk\u00e1 Lucie, zakladatelka Screeno<\/span><\/p>\t\t\t\t\t\t\t\t<\/div>\n\t\t\t\t<\/div>\n\t\t\t\t<div class=\"elementor-element elementor-element-2f998cb elementor-widget__width-initial elementor-widget-mobile__width-inherit elementor-widget-tablet__width-inherit elementor-widget elementor-widget-image\" data-id=\"2f998cb\" data-element_type=\"widget\" data-e-type=\"widget\" data-widget_type=\"image.default\">\n\t\t\t\t\t\t\t\t\t\t\t\t\t\t\t<img fetchpriority=\"high\" decoding=\"async\" width=\"1380\" height=\"1840\" src=\"https:\/\/www.screeno.cz\/wp-content\/uploads\/2025\/04\/IMG_3997-2.webp\" class=\"attachment-full size-full wp-image-2495\" alt=\"sitotisk sudio\" srcset=\"https:\/\/www.screeno.cz\/wp-content\/uploads\/2025\/04\/IMG_3997-2.webp 1380w, https:\/\/www.screeno.cz\/wp-content\/uploads\/2025\/04\/IMG_3997-2-600x800.webp 600w, https:\/\/www.screeno.cz\/wp-content\/uploads\/2025\/04\/IMG_3997-2-225x300.webp 225w, https:\/\/www.screeno.cz\/wp-content\/uploads\/2025\/04\/IMG_3997-2-768x1024.webp 768w, https:\/\/www.screeno.cz\/wp-content\/uploads\/2025\/04\/IMG_3997-2-1152x1536.webp 1152w\" sizes=\"(max-width: 1380px) 100vw, 1380px\" \/>\t\t\t\t\t\t\t\t\t\t\t\t\t\t\t<\/div>\n\t\t\t\t\t<\/div>\n\t\t\t\t<\/div>\n\t\t<div class=\"elementor-element elementor-element-e71ab94 e-flex e-con-boxed e-con e-parent\" data-id=\"e71ab94\" data-element_type=\"container\" data-e-type=\"container\">\n\t\t\t\t\t<div class=\"e-con-inner\">\n\t\t\t\t<div class=\"elementor-element elementor-element-cddab4f elementor-widget elementor-widget-heading\" data-id=\"cddab4f\" data-element_type=\"widget\" data-e-type=\"widget\" data-widget_type=\"heading.default\">\n\t\t\t\t\t<h2 class=\"elementor-heading-title elementor-size-default\">Screeno crew<\/h2>\t\t\t\t<\/div>\n\t\t<div class=\"elementor-element elementor-element-c736fb5 e-con-full e-grid e-con e-child\" data-id=\"c736fb5\" data-element_type=\"container\" data-e-type=\"container\">\n\t\t<div class=\"elementor-element elementor-element-aeb0419 e-con-full e-flex e-con e-child\" data-id=\"aeb0419\" data-element_type=\"container\" data-e-type=\"container\">\n\t\t\t\t<div class=\"elementor-element elementor-element-a003bd9 elementor-widget__width-initial elementor-widget-mobile__width-initial elementor-widget elementor-widget-image\" data-id=\"a003bd9\" data-element_type=\"widget\" data-e-type=\"widget\" data-widget_type=\"image.default\">\n\t\t\t\t\t\t\t\t\t\t\t\t\t\t\t<img decoding=\"async\" src=\"https:\/\/www.screeno.cz\/wp-content\/uploads\/elementor\/thumbs\/lucie-holousova-r1vwa1ku78k722c4uz9wh4y359kuib6v7907y3br0o.webp\" title=\"lucie-holousova\" alt=\"lucie-holousova\" loading=\"lazy\" \/>\t\t\t\t\t\t\t\t\t\t\t\t\t\t\t<\/div>\n\t\t<div class=\"elementor-element elementor-element-be78c19 e-con-full e-flex e-con e-child\" data-id=\"be78c19\" data-element_type=\"container\" data-e-type=\"container\">\n\t\t\t\t<div class=\"elementor-element elementor-element-8ceaf45 elementor-widget elementor-widget-image-box\" data-id=\"8ceaf45\" data-element_type=\"widget\" data-e-type=\"widget\" data-widget_type=\"image-box.default\">\n\t\t\t\t\t<div class=\"elementor-image-box-wrapper\"><div class=\"elementor-image-box-content\"><div class=\"elementor-image-box-title\">Lucie Holou\u0161ov\u00e1<\/div><p class=\"elementor-image-box-description\">Zakladatelka<\/p><\/div><\/div>\t\t\t\t<\/div>\n\t\t\t\t<div class=\"elementor-element elementor-element-ed72acc elementor-widget__width-inherit elementor-widget elementor-widget-text-editor\" data-id=\"ed72acc\" data-element_type=\"widget\" data-e-type=\"widget\" data-widget_type=\"text-editor.default\">\n\t\t\t\t\t\t\t\t\t<p>Je grafick\u00e1 design\u00e9rka, kter\u00e1 hledala v\u00edc ne\u017e jen samostatnou tvorbu. Tak vzniklo <strong>Screeno<\/strong> \u2013 otev\u0159en\u00fd s\u00edtotiskov\u00fd prostor, kde se lid\u00e9 u\u010d\u00ed, tvo\u0159\u00ed a potk\u00e1vaj\u00ed.<\/p>\t\t\t\t\t\t\t\t<\/div>\n\t\t\t\t<\/div>\n\t\t\t\t<div class=\"elementor-element elementor-element-aaf9619 e-grid-align-left elementor-shape-rounded elementor-grid-0 elementor-widget elementor-widget-social-icons\" data-id=\"aaf9619\" data-element_type=\"widget\" data-e-type=\"widget\" data-widget_type=\"social-icons.default\">\n\t\t\t\t\t\t\t<div class=\"elementor-social-icons-wrapper elementor-grid\">\n\t\t\t\t\t\t\t<span class=\"elementor-grid-item\">\n\t\t\t\t\t<a class=\"elementor-icon elementor-social-icon elementor-social-icon-linkedin elementor-repeater-item-c3d4f17\" target=\"_blank\">\n\t\t\t\t\t\t<span class=\"elementor-screen-only\">Linkedin<\/span>\n\t\t\t\t\t\t<i aria-hidden=\"true\" class=\"fab fa-linkedin\"><\/i>\t\t\t\t\t<\/a>\n\t\t\t\t<\/span>\n\t\t\t\t\t<\/div>\n\t\t\t\t\t\t<\/div>\n\t\t\t\t<\/div>\n\t\t<div class=\"elementor-element elementor-element-c1883f0 e-con-full e-flex e-con e-child\" data-id=\"c1883f0\" data-element_type=\"container\" data-e-type=\"container\">\n\t\t\t\t<div class=\"elementor-element elementor-element-7516703 elementor-widget__width-initial elementor-widget-mobile__width-initial elementor-widget elementor-widget-image\" data-id=\"7516703\" data-element_type=\"widget\" data-e-type=\"widget\" data-widget_type=\"image.default\">\n\t\t\t\t\t\t\t\t\t\t\t\t\t\t\t<img decoding=\"async\" src=\"https:\/\/www.screeno.cz\/wp-content\/uploads\/elementor\/thumbs\/kocour-sitotisk-r43jke1bc665ns4buwn98u5yp5rv6fqzafel50iweg.webp\" title=\"kocour-sitotisk\" alt=\"kocour-sitotisk\" loading=\"lazy\" \/>\t\t\t\t\t\t\t\t\t\t\t\t\t\t\t<\/div>\n\t\t<div class=\"elementor-element elementor-element-19e4495 e-con-full e-flex e-con e-child\" data-id=\"19e4495\" data-element_type=\"container\" data-e-type=\"container\">\n\t\t\t\t<div class=\"elementor-element elementor-element-d62a477 elementor-widget elementor-widget-image-box\" data-id=\"d62a477\" data-element_type=\"widget\" data-e-type=\"widget\" data-widget_type=\"image-box.default\">\n\t\t\t\t\t<div class=\"elementor-image-box-wrapper\"><div class=\"elementor-image-box-content\"><div class=\"elementor-image-box-title\">Honza Kocour<\/div><p class=\"elementor-image-box-description\">Screenprinting master<\/p><\/div><\/div>\t\t\t\t<\/div>\n\t\t\t\t<div class=\"elementor-element elementor-element-d363ca3 elementor-widget__width-inherit elementor-widget elementor-widget-text-editor\" data-id=\"d363ca3\" data-element_type=\"widget\" data-e-type=\"widget\" data-widget_type=\"text-editor.default\">\n\t\t\t\t\t\t\t\t\t<p>Honza m\u00e1 s\u00edtotisk v mal\u00edku \u2013 roky ladil techniku, testoval barvy a tiskl vlastn\u00ed designy. Te\u010f jako sou\u010d\u00e1st Screeno povede workshopy, kde t\u011b nau\u010d\u00ed vytisknout si vlastn\u00ed tri\u010dko i skill, co ti z\u016fstane.<\/p>\t\t\t\t\t\t\t\t<\/div>\n\t\t\t\t<\/div>\n\t\t\t\t<\/div>\n\t\t<div class=\"elementor-element elementor-element-b49c10c e-con-full e-flex e-con e-child\" data-id=\"b49c10c\" data-element_type=\"container\" data-e-type=\"container\">\n\t\t\t\t<div class=\"elementor-element elementor-element-35e1350 elementor-widget__width-initial elementor-widget-mobile__width-initial elementor-widget elementor-widget-image\" data-id=\"35e1350\" data-element_type=\"widget\" data-e-type=\"widget\" data-widget_type=\"image.default\">\n\t\t\t\t\t\t\t\t\t\t\t\t\t\t\t<img decoding=\"async\" src=\"https:\/\/www.screeno.cz\/wp-content\/uploads\/elementor\/thumbs\/honza-kocur-e1744184133395-r43fqluzjfk1ti99eukz93ujyuvxvnrfcgtbnuteh4.webp\" title=\"honza-kocur\" alt=\"honza-kocur\" loading=\"lazy\" \/>\t\t\t\t\t\t\t\t\t\t\t\t\t\t\t<\/div>\n\t\t<div class=\"elementor-element elementor-element-c174d08 e-con-full e-flex e-con e-child\" data-id=\"c174d08\" data-element_type=\"container\" data-e-type=\"container\">\n\t\t\t\t<div class=\"elementor-element elementor-element-22e69ba elementor-widget elementor-widget-image-box\" data-id=\"22e69ba\" data-element_type=\"widget\" data-e-type=\"widget\" data-widget_type=\"image-box.default\">\n\t\t\t\t\t<div class=\"elementor-image-box-wrapper\"><div class=\"elementor-image-box-content\"><div class=\"elementor-image-box-title\">K\u00e1ja Mar\u0161\u00edk<\/div><p class=\"elementor-image-box-description\">Technick\u00e1 podpora<\/p><\/div><\/div>\t\t\t\t<\/div>\n\t\t\t\t<div class=\"elementor-element elementor-element-52f7a36 elementor-widget__width-inherit elementor-widget elementor-widget-text-editor\" data-id=\"52f7a36\" data-element_type=\"widget\" data-e-type=\"widget\" data-widget_type=\"text-editor.default\">\n\t\t\t\t\t\t\t\t\t<p>Je ten, kdo ti zachr\u00e1n\u00ed den, kdy\u017e n\u011bco nefunguje. Bez jeho technick\u00fd podpory, se\u0159izov\u00e1n\u00ed stroj\u016f a po\u0159\u00e1dn\u00fdho kakaa by to cel\u00fd ne\u0161lo \u2013 je zkr\u00e1tka backend ka\u017ed\u00fdho tisku.<\/p>\t\t\t\t\t\t\t\t<\/div>\n\t\t\t\t<\/div>\n\t\t\t\t<\/div>\n\t\t\t\t<\/div>\n\t\t\t\t\t<\/div>\n\t\t\t\t<\/div>\n\t\t<div class=\"elementor-element elementor-element-e91825e e-flex e-con-boxed e-con e-parent\" data-id=\"e91825e\" data-element_type=\"container\" data-e-type=\"container\">\n\t\t\t\t\t<div class=\"e-con-inner\">\n\t\t<div class=\"elementor-element elementor-element-357c709 e-con-full e-grid e-con e-child\" data-id=\"357c709\" data-element_type=\"container\" data-e-type=\"container\">\n\t\t<div class=\"elementor-element elementor-element-44ffedc e-con-full e-flex e-con e-child\" data-id=\"44ffedc\" data-element_type=\"container\" data-e-type=\"container\">\n\t\t\t\t<div class=\"elementor-element elementor-element-12571cc elementor-widget__width-initial elementor-widget-mobile__width-initial elementor-widget elementor-widget-image\" data-id=\"12571cc\" data-element_type=\"widget\" data-e-type=\"widget\" data-widget_type=\"image.default\">\n\t\t\t\t\t\t\t\t\t\t\t\t\t\t\t<img decoding=\"async\" src=\"https:\/\/www.screeno.cz\/wp-content\/uploads\/2025\/12\/IMG_9092.heic\" title=\"IMG_9092\" alt=\"IMG_9092\" loading=\"lazy\" \/>\t\t\t\t\t\t\t\t\t\t\t\t\t\t\t<\/div>\n\t\t<div class=\"elementor-element elementor-element-ed916d7 e-con-full e-flex e-con e-child\" data-id=\"ed916d7\" data-element_type=\"container\" data-e-type=\"container\">\n\t\t\t\t<div class=\"elementor-element elementor-element-1d90b7c elementor-widget elementor-widget-image-box\" data-id=\"1d90b7c\" data-element_type=\"widget\" data-e-type=\"widget\" data-widget_type=\"image-box.default\">\n\t\t\t\t\t<div class=\"elementor-image-box-wrapper\"><div class=\"elementor-image-box-content\"><div class=\"elementor-image-box-title\">Veronika \u010cepeklov\u00e1<\/div><p class=\"elementor-image-box-description\">COO<\/p><\/div><\/div>\t\t\t\t<\/div>\n\t\t\t\t<div class=\"elementor-element elementor-element-3d9f579 elementor-widget__width-inherit elementor-widget elementor-widget-text-editor\" data-id=\"3d9f579\" data-element_type=\"widget\" data-e-type=\"widget\" data-widget_type=\"text-editor.default\">\n\t\t\t\t\t\t\t\t\t<p>Sna\u017e\u00ed se tu zorganizovat chaos a aby to fungovalo.<\/p>\t\t\t\t\t\t\t\t<\/div>\n\t\t\t\t<\/div>\n\t\t\t\t<\/div>\n\t\t<div class=\"elementor-element elementor-element-b8d84aa e-con-full e-flex e-con e-child\" data-id=\"b8d84aa\" data-element_type=\"container\" data-e-type=\"container\">\n\t\t\t\t<div class=\"elementor-element elementor-element-bf7946c elementor-widget__width-initial elementor-widget-mobile__width-initial elementor-widget elementor-widget-image\" data-id=\"bf7946c\" data-element_type=\"widget\" data-e-type=\"widget\" data-widget_type=\"image.default\">\n\t\t\t\t\t\t\t\t\t\t\t\t\t\t\t<img decoding=\"async\" src=\"https:\/\/www.screeno.cz\/wp-content\/uploads\/2025\/12\/IMG_9092-1.heic\" title=\"IMG_9092\" alt=\"IMG_9092\" loading=\"lazy\" \/>\t\t\t\t\t\t\t\t\t\t\t\t\t\t\t<\/div>\n\t\t<div class=\"elementor-element elementor-element-d576881 e-con-full e-flex e-con e-child\" data-id=\"d576881\" data-element_type=\"container\" data-e-type=\"container\">\n\t\t\t\t<div class=\"elementor-element elementor-element-eb92070 elementor-widget elementor-widget-image-box\" data-id=\"eb92070\" data-element_type=\"widget\" data-e-type=\"widget\" data-widget_type=\"image-box.default\">\n\t\t\t\t\t<div class=\"elementor-image-box-wrapper\"><div class=\"elementor-image-box-content\"><div class=\"elementor-image-box-title\">Ter\u00e9zie Babick\u00e1<\/div><p class=\"elementor-image-box-description\">Expedice<\/p><\/div><\/div>\t\t\t\t<\/div>\n\t\t\t\t<div class=\"elementor-element elementor-element-63b74ab elementor-widget__width-inherit elementor-widget elementor-widget-text-editor\" data-id=\"63b74ab\" data-element_type=\"widget\" data-e-type=\"widget\" data-widget_type=\"text-editor.default\">\n\t\t\t\t\t\t\t\t\t<p>N\u00e1\u0161 benjam\u00ednek.<\/p><p>Kdy\u017e v\u00e1m p\u0159ijde n\u011bco jin\u00fdho ne\u017e m\u00e1, tak na ni bu\u010fte hodn\u00ed.<\/p>\t\t\t\t\t\t\t\t<\/div>\n\t\t\t\t<\/div>\n\t\t\t\t<\/div>\n\t\t<div class=\"elementor-element elementor-element-84812a1 e-con-full e-flex e-con e-child\" data-id=\"84812a1\" data-element_type=\"container\" data-e-type=\"container\">\n\t\t\t\t<div class=\"elementor-element elementor-element-5546096 elementor-widget__width-initial elementor-widget-mobile__width-initial elementor-widget elementor-widget-image\" data-id=\"5546096\" data-element_type=\"widget\" data-e-type=\"widget\" data-widget_type=\"image.default\">\n\t\t\t\t\t\t\t\t\t\t\t\t\t\t\t<img decoding=\"async\" src=\"https:\/\/www.screeno.cz\/wp-content\/uploads\/2025\/12\/IMG_9092-1.heic\" title=\"IMG_9092\" alt=\"IMG_9092\" loading=\"lazy\" \/>\t\t\t\t\t\t\t\t\t\t\t\t\t\t\t<\/div>\n\t\t<div class=\"elementor-element elementor-element-026c51a e-con-full e-flex e-con e-child\" data-id=\"026c51a\" data-element_type=\"container\" data-e-type=\"container\">\n\t\t\t\t<div class=\"elementor-element elementor-element-0c54acb elementor-widget elementor-widget-image-box\" data-id=\"0c54acb\" data-element_type=\"widget\" data-e-type=\"widget\" data-widget_type=\"image-box.default\">\n\t\t\t\t\t<div class=\"elementor-image-box-wrapper\"><div class=\"elementor-image-box-content\"><div class=\"elementor-image-box-title\">Erik Vilga   <\/div><p class=\"elementor-image-box-description\">Tiska\u0159<\/p><\/div><\/div>\t\t\t\t<\/div>\n\t\t\t\t<div class=\"elementor-element elementor-element-fc33a9e elementor-widget__width-inherit elementor-widget elementor-widget-text-editor\" data-id=\"fc33a9e\" data-element_type=\"widget\" data-e-type=\"widget\" data-widget_type=\"text-editor.default\">\n\t\t\t\t\t\t\t\t\t<p>Tiskne.<\/p>\t\t\t\t\t\t\t\t<\/div>\n\t\t\t\t<\/div>\n\t\t\t\t<\/div>\n\t\t\t\t<\/div>\n\t\t\t\t\t<\/div>\n\t\t\t\t<\/div>\n\t\t<div class=\"elementor-element elementor-element-137bd34 e-flex e-con-boxed e-con e-parent\" data-id=\"137bd34\" data-element_type=\"container\" data-e-type=\"container\">\n\t\t\t\t\t<div class=\"e-con-inner\">\n\t\t\t\t<div class=\"elementor-element elementor-element-389b956 elementor-widget elementor-widget-heading\" data-id=\"389b956\" data-element_type=\"widget\" data-e-type=\"widget\" data-widget_type=\"heading.default\">\n\t\t\t\t\t<h3 class=\"elementor-heading-title elementor-size-default\">Chce\u0161 b\u00fdt sou\u010d\u00e1sti Screeno?<\/h3>\t\t\t\t<\/div>\n\t\t\t\t<div class=\"elementor-element elementor-element-3a6430c elementor-widget elementor-widget-text-editor\" data-id=\"3a6430c\" data-element_type=\"widget\" data-e-type=\"widget\" data-widget_type=\"text-editor.default\">\n\t\t\t\t\t\t\t\t\t<p>Pro skv\u011bl\u00e9 lidi je m\u00edsto v\u017edycky.<\/p>\t\t\t\t\t\t\t\t<\/div>\n\t\t\t\t<div class=\"elementor-element elementor-element-8428b3c elementor-widget elementor-widget-button\" data-id=\"8428b3c\" data-element_type=\"widget\" data-e-type=\"widget\" data-widget_type=\"button.default\">\n\t\t\t\t\t\t\t\t\t\t<a class=\"elementor-button elementor-button-link elementor-size-sm\" href=\"https:\/\/www.screeno.cz\/en\/kontakt\/\">\n\t\t\t\t\t\t<span class=\"elementor-button-content-wrapper\">\n\t\t\t\t\t\t\t\t\t<span class=\"elementor-button-text\">M\u00e1m z\u00e1jem o pr\u00e1ci<\/span>\n\t\t\t\t\t<\/span>\n\t\t\t\t\t<\/a>\n\t\t\t\t\t\t\t\t<\/div>\n\t\t\t\t\t<\/div>\n\t\t\t\t<\/div>\n\t\t<div class=\"elementor-element elementor-element-3068a0f e-flex e-con-boxed e-con e-parent\" data-id=\"3068a0f\" data-element_type=\"container\" data-e-type=\"container\">\n\t\t\t\t\t<div class=\"e-con-inner\">\n\t\t<div class=\"elementor-element elementor-element-78cefa8 e-flex e-con-boxed e-con e-child\" data-id=\"78cefa8\" data-element_type=\"container\" data-e-type=\"container\" data-settings=\"{&quot;background_background&quot;:&quot;classic&quot;,&quot;background_motion_fx_motion_fx_scrolling&quot;:&quot;yes&quot;,&quot;background_motion_fx_translateY_effect&quot;:&quot;yes&quot;,&quot;background_motion_fx_translateY_speed&quot;:{&quot;unit&quot;:&quot;px&quot;,&quot;size&quot;:4,&quot;sizes&quot;:[]},&quot;background_motion_fx_translateY_affectedRange&quot;:{&quot;unit&quot;:&quot;%&quot;,&quot;size&quot;:&quot;&quot;,&quot;sizes&quot;:{&quot;start&quot;:0,&quot;end&quot;:100}},&quot;background_motion_fx_devices&quot;:[&quot;desktop&quot;,&quot;tablet&quot;,&quot;mobile&quot;]}\">\n\t\t\t\t\t<div class=\"e-con-inner\">\n\t\t\t\t<div class=\"elementor-element elementor-element-abc0f5c elementor-widget elementor-widget-heading\" data-id=\"abc0f5c\" data-element_type=\"widget\" data-e-type=\"widget\" data-widget_type=\"heading.default\">\n\t\t\t\t\t<h3 class=\"elementor-heading-title elementor-size-default\">P\u0159ij\u010f se\u00a0pod\u00edvat a\u00a0za\u017eij Screeno na\u00a0vlastn\u00ed k\u016f\u017ei!<\/h3>\t\t\t\t<\/div>\n\t\t\t\t<div class=\"elementor-element elementor-element-5a067b1 elementor-widget elementor-widget-text-editor\" data-id=\"5a067b1\" data-element_type=\"widget\" data-e-type=\"widget\" data-widget_type=\"text-editor.default\">\n\t\t\t\t\t\t\t\t\t<p>Na Peka\u0159sk\u00e9 78 najde\u0161 prostor, kde se\u00a0tiskne, tvo\u0159\u00ed, potk\u00e1v\u00e1 a\u00a0inspiruje.<\/p>\t\t\t\t\t\t\t\t<\/div>\n\t\t\t\t<div class=\"elementor-element elementor-element-f92ba76 elementor-widget elementor-widget-button\" data-id=\"f92ba76\" data-element_type=\"widget\" data-e-type=\"widget\" data-widget_type=\"button.default\">\n\t\t\t\t\t\t\t\t\t\t<a class=\"elementor-button elementor-button-link elementor-size-sm\" href=\"https:\/\/www.screeno.cz\/en\/nabizime\/workshopy\/\">\n\t\t\t\t\t\t<span class=\"elementor-button-content-wrapper\">\n\t\t\t\t\t\t\t\t\t<span class=\"elementor-button-text\">Chci p\u0159ij\u00edt<\/span>\n\t\t\t\t\t<\/span>\n\t\t\t\t\t<\/a>\n\t\t\t\t\t\t\t\t<\/div>\n\t\t\t\t\t<\/div>\n\t\t\t\t<\/div>\n\t\t\t\t\t<\/div>\n\t\t\t\t<\/div>\n\t\t<div class=\"elementor-element elementor-element-1bf7a8f e-flex e-con-boxed e-con e-parent\" data-id=\"1bf7a8f\" data-element_type=\"container\" data-e-type=\"container\">\n\t\t\t\t\t<div class=\"e-con-inner\">\n\t\t\t\t<div class=\"elementor-element elementor-element-d74cf9f elementor-widget elementor-widget-heading\" data-id=\"d74cf9f\" data-element_type=\"widget\" data-e-type=\"widget\" data-widget_type=\"heading.default\">\n\t\t\t\t\t<h3 class=\"elementor-heading-title elementor-size-default\">Zaj\u00edm\u00e1 t\u011b o n\u00e1s v\u00edc? \u010cti n\u00e1\u0161 newsletter<\/h3>\t\t\t\t<\/div>\n\t\t\t\t<div class=\"elementor-element elementor-element-6e1230f elementor-widget elementor-widget-html\" data-id=\"6e1230f\" data-element_type=\"widget\" data-e-type=\"widget\" data-widget_type=\"html.default\">\n\t\t\t\t\t<!-- Feed embed code -->\n<div data-supascribe-embed-id=\"174652817258\" data-supascribe-feed><\/div>\n\n\n<!-- Supascribe Script -->\n<script src=\"https:\/\/js.supascribe.com\/v1\/loader\/1AkWJNrhZwO4BaCdEgZpjXaKXa72.js\" async><\/script>\t\t\t\t<\/div>\n\t\t\t\t\t<\/div>\n\t\t\t\t<\/div>\n\t\t\t\t<\/div>\n\t\t","protected":false},"excerpt":{"rendered":"<p>O n\u00e1s Jsme komunitn\u00ed s\u00edtotiskov\u00e9 studio, kde se\u00a0z\u00a0n\u00e1pad\u016f rod\u00ed hmatateln\u00e1 realita. \u00a0 Screeno je s\u00edtotisk a s\u00edtotisk je terapie kreativitou! \u00a0 Sd\u00edl\u00edme zku\u0161enosti, navz\u00e1jem se\u00a0inspirujeme a\u00a0otev\u00edr\u00e1me prostor, kde nejde o\u00a0to, co um\u00ed\u0161. Ale co chce\u0161 zkusit. Experimentuj! Tvo\u0159\u00edme prostor, kde kreativita nezn\u00e1 hranice Kdysi tu von\u011bl l\u00edh, dnes tu schne barva. Peka\u0159sk\u00e1 78, b\u00fdval\u00fd lihovar, [&hellip;]<\/p>\n","protected":false},"author":2,"featured_media":0,"parent":0,"menu_order":0,"comment_status":"closed","ping_status":"closed","template":"","meta":{"iawp_total_views":1478,"footnotes":""},"class_list":["post-776","page","type-page","status-publish","hentry"],"_links":{"self":[{"href":"https:\/\/www.screeno.cz\/en\/wp-json\/wp\/v2\/pages\/776","targetHints":{"allow":["GET"]}}],"collection":[{"href":"https:\/\/www.screeno.cz\/en\/wp-json\/wp\/v2\/pages"}],"about":[{"href":"https:\/\/www.screeno.cz\/en\/wp-json\/wp\/v2\/types\/page"}],"author":[{"embeddable":true,"href":"https:\/\/www.screeno.cz\/en\/wp-json\/wp\/v2\/users\/2"}],"replies":[{"embeddable":true,"href":"https:\/\/www.screeno.cz\/en\/wp-json\/wp\/v2\/comments?post=776"}],"version-history":[{"count":0,"href":"https:\/\/www.screeno.cz\/en\/wp-json\/wp\/v2\/pages\/776\/revisions"}],"wp:attachment":[{"href":"https:\/\/www.screeno.cz\/en\/wp-json\/wp\/v2\/media?parent=776"}],"curies":[{"name":"wp","href":"https:\/\/api.w.org\/{rel}","templated":true}]}}